{"id":3824,"date":"2025-02-28T17:18:05","date_gmt":"2025-02-28T16:18:05","guid":{"rendered":"https:\/\/selfago.org\/mentions-legales\/"},"modified":"2025-12-03T17:08:41","modified_gmt":"2025-12-03T16:08:41","slug":"mentions-legales","status":"publish","type":"page","link":"http:\/\/selfago.org\/fr\/mentions-legales\/","title":{"rendered":"Mentions l\u00e9gales"},"content":{"rendered":"\t\t<div data-elementor-type=\"wp-page\" data-elementor-id=\"3824\" class=\"elementor elementor-3824 elementor-2094\">\n\t\t\t\t<div class=\"elementor-element elementor-element-zj91xty e-flex e-con-boxed e-con e-parent\" data-id=\"zj91xty\" data-element_type=\"container\" data-settings=\"{&quot;background_background&quot;:&quot;classic&quot;}\">\n\t\t\t\t\t<div class=\"e-con-inner\">\n\t\t<div class=\"elementor-element elementor-element-c104332 e-con-full e-flex e-con e-child\" data-id=\"c104332\" data-element_type=\"container\">\n\t\t\t\t<div class=\"elementor-element elementor-element-25e01e3 elementor-widget elementor-widget-heading\" data-id=\"25e01e3\" data-element_type=\"widget\" data-widget_type=\"heading.default\">\n\t\t\t\t<div class=\"elementor-widget-container\">\n\t\t\t\t\t<h1 class=\"elementor-heading-title elementor-size-default\">Mentions l\u00e9gales<\/h1>\t\t\t\t<\/div>\n\t\t\t\t<\/div>\n\t\t\t\t<\/div>\n\t\t\t\t\t<\/div>\n\t\t\t\t<\/div>\n\t\t<div class=\"elementor-element elementor-element-9420951 e-flex e-con-boxed e-con e-parent\" data-id=\"9420951\" data-element_type=\"container\">\n\t\t\t\t\t<div class=\"e-con-inner\">\n\t\t\t\t<div class=\"elementor-element elementor-element-9ea1526 elementor-widget elementor-widget-heading\" data-id=\"9ea1526\" data-element_type=\"widget\" data-widget_type=\"heading.default\">\n\t\t\t\t<div class=\"elementor-widget-container\">\n\t\t\t\t\t<h2 class=\"elementor-heading-title elementor-size-default\">Mentions l\u00e9gales<\/h2>\t\t\t\t<\/div>\n\t\t\t\t<\/div>\n\t\t\t\t<div class=\"elementor-element elementor-element-2df0f2a elementor-widget elementor-widget-text-editor\" data-id=\"2df0f2a\" data-element_type=\"widget\" data-widget_type=\"text-editor.default\">\n\t\t\t\t<div class=\"elementor-widget-container\">\n\t\t\t\t\t\t\t\t\t<p><strong>Soci\u00e9t\u00e9 Europ\u00e9enne de Langue Franco-Allemande de Gyn\u00e9cologie et d&rsquo;Obst\u00e9trique, e. V.<\/strong><br>Mise \u00e0 jour : janvier 2025<\/p><p> <\/p><p><strong>Tribunal d&rsquo;instance :<\/strong> Kiel<\/p><p><br><strong>Num\u00e9ro d&rsquo;enregistrement :<\/strong> [Ins\u00e9rer le num\u00e9ro]<\/p><p> <\/p><p><strong>\u00c9diteur du site web :<\/strong><br>Soci\u00e9t\u00e9 Europ\u00e9enne de Langue Franco-Allemande de Gyn\u00e9cologie et d&rsquo;Obst\u00e9trique, e. V.<\/p><p> <\/p><p><strong>Personne habilit\u00e9e \u00e0 repr\u00e9senter au sens du \u00a7 6 de la loi allemande sur les t\u00e9l\u00e9services :<\/strong><br>Pr\u00e9sident de la Soci\u00e9t\u00e9 Europ\u00e9enne de Langue Franco-Allemande de Gyn\u00e9cologie et d&rsquo;Obst\u00e9trique, e. V.<br>Univ. Prof. Dr. Walther Kuhn<br>Frauenklinik<br>DONAUISAR Klinikum Deggendorf, Universit\u00e4rer Medizin-Campus Niederbayern<br>Perlasberger Stra\u00dfe 41<br>94469 Deggendorf<br>E-mail : <a>sek.frauenklinik.deg@donau-isar-klinikum.de<\/a> <\/p><p> <\/p><p><strong>Responsable de la protection des donn\u00e9es :<\/strong><br>D\u00e9l\u00e9gu\u00e9 \u00e0 la protection des donn\u00e9es de la Soci\u00e9t\u00e9 Europ\u00e9enne de Langue Franco-Allemande de Gyn\u00e9cologie et d&rsquo;Obst\u00e9trique, e. V.<br>E-mail : <a>sek.frauenklinik.deg@donau-isar-klinikum.de<\/a><\/p><p> <\/p><p><strong>Exclusion de responsabilit\u00e9 :<\/strong><br>Les contenus de ce site web ont \u00e9t\u00e9 cr\u00e9\u00e9s avec le plus grand soin. Toutefois, aucune responsabilit\u00e9 n&rsquo;est assum\u00e9e quant \u00e0 l&rsquo;exactitude, l&rsquo;exhaustivit\u00e9 et l&rsquo;actualit\u00e9 des contenus. <\/p><p> <\/p><p><strong>Google Analytics :<\/strong><br>Ce site web utilise Google Analytics, un service d&rsquo;analyse web de Google Inc. Google Analytics utilise des \u00ab cookies \u00bb, qui sont stock\u00e9s sur votre ordinateur et permettent d&rsquo;analyser l&rsquo;utilisation de ce site web. Les informations g\u00e9n\u00e9r\u00e9es par le cookie concernant votre utilisation de ce site web (y compris votre adresse IP) sont transmises \u00e0 un serveur de Google aux \u00c9tats-Unis et y sont stock\u00e9es. Google utilisera ces informations pour \u00e9valuer votre utilisation du site web, pour compiler des rapports sur les activit\u00e9s du site web \u00e0 destination des exploitants du site web et pour fournir d&rsquo;autres services li\u00e9s \u00e0 l&rsquo;utilisation du site web. Vous pouvez emp\u00eacher l&rsquo;installation de cookies en param\u00e9trant votre logiciel de navigation en cons\u00e9quence ; nous vous informons toutefois que, dans ce cas, vous ne pourrez \u00e9ventuellement pas utiliser pleinement toutes les fonctions de ce site web.    <\/p><p> <\/p><p><strong>D\u00e9claration de confidentialit\u00e9 :<\/strong><br>Vous trouverez de plus amples informations sur la protection des donn\u00e9es dans notre <a href=\"https:\/\/selfago.org\/datenschutz\/\"><strong>d\u00e9claration de confidentialit\u00e9<\/strong><\/a>.<\/p>\t\t\t\t\t\t\t\t<\/div>\n\t\t\t\t<\/div>\n\t\t\t\t\t<\/div>\n\t\t\t\t<\/div>\n\t\t\t\t<\/div>\n\t\t","protected":false},"excerpt":{"rendered":"<p>Mentions l\u00e9gales Mentions l\u00e9gales Soci\u00e9t\u00e9 Europ\u00e9enne de Langue Franco-Allemande de Gyn\u00e9cologie et d&rsquo;Obst\u00e9trique, e. V.Mise \u00e0 jour : janvier 2025 Tribunal d&rsquo;instance : Kiel Num\u00e9ro d&rsquo;enregistrement : [Ins\u00e9rer le num\u00e9ro] \u00c9diteur du site web :Soci\u00e9t\u00e9 Europ\u00e9enne de Langue Franco-Allemande de Gyn\u00e9cologie et d&rsquo;Obst\u00e9trique, e. V. Personne habilit\u00e9e \u00e0 repr\u00e9senter au sens du \u00a7 6 de [&hellip;]<\/p>\n","protected":false},"author":1,"featured_media":0,"parent":0,"menu_order":0,"comment_status":"closed","ping_status":"closed","template":"","meta":{"site-sidebar-layout":"no-sidebar","site-content-layout":"page-builder","ast-site-content-layout":"full-width-container","site-content-style":"default","site-sidebar-style":"default","ast-global-header-display":"","ast-banner-title-visibility":"","ast-main-header-display":"","ast-hfb-above-header-display":"","ast-hfb-below-header-display":"","ast-hfb-mobile-header-display":"","site-post-title":"disabled","ast-breadcrumbs-content":"","ast-featured-img":"disabled","footer-sml-layout":"","theme-transparent-header-meta":"default","adv-header-id-meta":"","stick-header-meta":"","header-above-stick-meta":"","header-main-stick-meta":"","header-below-stick-meta":"","astra-migrate-meta-layouts":"default","ast-page-background-enabled":"default","ast-page-background-meta":{"desktop":{"background-color":"var(--ast-global-color-4)","background-image":"","background-repeat":"repeat","background-position":"center center","background-size":"auto","background-attachment":"scroll","background-type":"","background-media":"","overlay-type":"","overlay-color":"","overlay-opacity":"","overlay-gradient":""},"tablet":{"background-color":"","background-image":"","background-repeat":"repeat","background-position":"center center","background-size":"auto","background-attachment":"scroll","background-type":"","background-media":"","overlay-type":"","overlay-color":"","overlay-opacity":"","overlay-gradient":""},"mobile":{"background-color":"","background-image":"","background-repeat":"repeat","background-position":"center center","background-size":"auto","background-attachment":"scroll","background-type":"","background-media":"","overlay-type":"","overlay-color":"","overlay-opacity":"","overlay-gradient":""}},"ast-content-background-meta":{"desktop":{"background-color":"var(--ast-global-color-5)","background-image":"","background-repeat":"repeat","background-position":"center center","background-size":"auto","background-attachment":"scroll","background-type":"","background-media":"","overlay-type":"","overlay-color":"","overlay-opacity":"","overlay-gradient":""},"tablet":{"background-color":"var(--ast-global-color-5)","background-image":"","background-repeat":"repeat","background-position":"center center","background-size":"auto","background-attachment":"scroll","background-type":"","background-media":"","overlay-type":"","overlay-color":"","overlay-opacity":"","overlay-gradient":""},"mobile":{"background-color":"var(--ast-global-color-5)","background-image":"","background-repeat":"repeat","background-position":"center center","background-size":"auto","background-attachment":"scroll","background-type":"","background-media":"","overlay-type":"","overlay-color":"","overlay-opacity":"","overlay-gradient":""}},"footnotes":""},"class_list":["post-3824","page","type-page","status-publish","hentry"],"yoast_head":"<!-- This site is optimized with the Yoast SEO plugin v24.7 - https:\/\/yoast.com\/wordpress\/plugins\/seo\/ -->\n<title>Mentions l\u00e9gales - Europ\u00e4ische Gesellschaft Deutsch-Franz\u00f6sischer Sprache f\u00fcr Gyn\u00e4kologie und Geburtshilfe<\/title>\n<meta name=\"robots\" content=\"index, follow, max-snippet:-1, max-image-preview:large, max-video-preview:-1\" \/>\n<link rel=\"canonical\" href=\"http:\/\/selfago.org\/fr\/mentions-legales\/\" \/>\n<meta property=\"og:locale\" content=\"fr_FR\" \/>\n<meta property=\"og:type\" content=\"article\" \/>\n<meta property=\"og:title\" content=\"Mentions l\u00e9gales - Europ\u00e4ische Gesellschaft Deutsch-Franz\u00f6sischer Sprache f\u00fcr Gyn\u00e4kologie und Geburtshilfe\" \/>\n<meta property=\"og:description\" content=\"Mentions l\u00e9gales Mentions l\u00e9gales Soci\u00e9t\u00e9 Europ\u00e9enne de Langue Franco-Allemande de Gyn\u00e9cologie et d&rsquo;Obst\u00e9trique, e. V.Mise \u00e0 jour : janvier 2025 Tribunal d&rsquo;instance : Kiel Num\u00e9ro d&rsquo;enregistrement : [Ins\u00e9rer le num\u00e9ro] \u00c9diteur du site web :Soci\u00e9t\u00e9 Europ\u00e9enne de Langue Franco-Allemande de Gyn\u00e9cologie et d&rsquo;Obst\u00e9trique, e. V. Personne habilit\u00e9e \u00e0 repr\u00e9senter au sens du \u00a7 6 de [&hellip;]\" \/>\n<meta property=\"og:url\" content=\"http:\/\/selfago.org\/fr\/mentions-legales\/\" \/>\n<meta property=\"og:site_name\" content=\"Europ\u00e4ische Gesellschaft Deutsch-Franz\u00f6sischer Sprache f\u00fcr Gyn\u00e4kologie und Geburtshilfe\" \/>\n<meta property=\"article:modified_time\" content=\"2025-12-03T16:08:41+00:00\" \/>\n<meta name=\"twitter:card\" content=\"summary_large_image\" \/>\n<meta name=\"twitter:label1\" content=\"Dur\u00e9e de lecture estim\u00e9e\" \/>\n\t<meta name=\"twitter:data1\" content=\"2 minutes\" \/>\n<script type=\"application\/ld+json\" class=\"yoast-schema-graph\">{\"@context\":\"https:\/\/schema.org\",\"@graph\":[{\"@type\":\"WebPage\",\"@id\":\"http:\/\/selfago.org\/fr\/mentions-legales\/\",\"url\":\"http:\/\/selfago.org\/fr\/mentions-legales\/\",\"name\":\"Mentions l\u00e9gales - Europ\u00e4ische Gesellschaft Deutsch-Franz\u00f6sischer Sprache f\u00fcr Gyn\u00e4kologie und Geburtshilfe\",\"isPartOf\":{\"@id\":\"http:\/\/selfago.org\/fr\/#website\"},\"datePublished\":\"2025-02-28T16:18:05+00:00\",\"dateModified\":\"2025-12-03T16:08:41+00:00\",\"breadcrumb\":{\"@id\":\"http:\/\/selfago.org\/fr\/mentions-legales\/#breadcrumb\"},\"inLanguage\":\"fr-FR\",\"potentialAction\":[{\"@type\":\"ReadAction\",\"target\":[\"http:\/\/selfago.org\/fr\/mentions-legales\/\"]}]},{\"@type\":\"BreadcrumbList\",\"@id\":\"http:\/\/selfago.org\/fr\/mentions-legales\/#breadcrumb\",\"itemListElement\":[{\"@type\":\"ListItem\",\"position\":1,\"name\":\"Startseite\",\"item\":\"https:\/\/selfago.org\/fr\/\"},{\"@type\":\"ListItem\",\"position\":2,\"name\":\"Mentions l\u00e9gales\"}]},{\"@type\":\"WebSite\",\"@id\":\"http:\/\/selfago.org\/fr\/#website\",\"url\":\"http:\/\/selfago.org\/fr\/\",\"name\":\"Europ\u00e4ische Gesellschaft Deutsch-Franz\u00f6sischer Sprache f\u00fcr Gyn\u00e4kologie und Geburtshilfe\",\"description\":\"Die SELFAGO f\u00f6rdert den wissenschaftlichen Austausch und die Zusammenarbeit in Gyn\u00e4kologie und Geburtshilfe im deutsch-franz\u00f6sischen Raum und dar\u00fcber hinaus. Durch Netzwerke, Kongresse und Forschungsprojekte gestalten wir den internationalen Dialog aktiv mit.\",\"publisher\":{\"@id\":\"http:\/\/selfago.org\/fr\/#organization\"},\"potentialAction\":[{\"@type\":\"SearchAction\",\"target\":{\"@type\":\"EntryPoint\",\"urlTemplate\":\"http:\/\/selfago.org\/fr\/?s={search_term_string}\"},\"query-input\":{\"@type\":\"PropertyValueSpecification\",\"valueRequired\":true,\"valueName\":\"search_term_string\"}}],\"inLanguage\":\"fr-FR\"},{\"@type\":\"Organization\",\"@id\":\"http:\/\/selfago.org\/fr\/#organization\",\"name\":\"SELFAGO\",\"url\":\"http:\/\/selfago.org\/fr\/\",\"logo\":{\"@type\":\"ImageObject\",\"inLanguage\":\"fr-FR\",\"@id\":\"http:\/\/selfago.org\/fr\/#\/schema\/logo\/image\/\",\"url\":\"http:\/\/selfago.org\/wp-content\/uploads\/2025\/12\/cropped-Logo-Transparent-02-scaled-e1764783827390.png\",\"contentUrl\":\"http:\/\/selfago.org\/wp-content\/uploads\/2025\/12\/cropped-Logo-Transparent-02-scaled-e1764783827390.png\",\"width\":862,\"height\":865,\"caption\":\"SELFAGO\"},\"image\":{\"@id\":\"http:\/\/selfago.org\/fr\/#\/schema\/logo\/image\/\"}}]}<\/script>\n<!-- \/ Yoast SEO plugin. -->","yoast_head_json":{"title":"Mentions l\u00e9gales - Europ\u00e4ische Gesellschaft Deutsch-Franz\u00f6sischer Sprache f\u00fcr Gyn\u00e4kologie und Geburtshilfe","robots":{"index":"index","follow":"follow","max-snippet":"max-snippet:-1","max-image-preview":"max-image-preview:large","max-video-preview":"max-video-preview:-1"},"canonical":"http:\/\/selfago.org\/fr\/mentions-legales\/","og_locale":"fr_FR","og_type":"article","og_title":"Mentions l\u00e9gales - Europ\u00e4ische Gesellschaft Deutsch-Franz\u00f6sischer Sprache f\u00fcr Gyn\u00e4kologie und Geburtshilfe","og_description":"Mentions l\u00e9gales Mentions l\u00e9gales Soci\u00e9t\u00e9 Europ\u00e9enne de Langue Franco-Allemande de Gyn\u00e9cologie et d&rsquo;Obst\u00e9trique, e. V.Mise \u00e0 jour : janvier 2025 Tribunal d&rsquo;instance : Kiel Num\u00e9ro d&rsquo;enregistrement : [Ins\u00e9rer le num\u00e9ro] \u00c9diteur du site web :Soci\u00e9t\u00e9 Europ\u00e9enne de Langue Franco-Allemande de Gyn\u00e9cologie et d&rsquo;Obst\u00e9trique, e. V. Personne habilit\u00e9e \u00e0 repr\u00e9senter au sens du \u00a7 6 de [&hellip;]","og_url":"http:\/\/selfago.org\/fr\/mentions-legales\/","og_site_name":"Europ\u00e4ische Gesellschaft Deutsch-Franz\u00f6sischer Sprache f\u00fcr Gyn\u00e4kologie und Geburtshilfe","article_modified_time":"2025-12-03T16:08:41+00:00","twitter_card":"summary_large_image","twitter_misc":{"Dur\u00e9e de lecture estim\u00e9e":"2 minutes"},"schema":{"@context":"https:\/\/schema.org","@graph":[{"@type":"WebPage","@id":"http:\/\/selfago.org\/fr\/mentions-legales\/","url":"http:\/\/selfago.org\/fr\/mentions-legales\/","name":"Mentions l\u00e9gales - Europ\u00e4ische Gesellschaft Deutsch-Franz\u00f6sischer Sprache f\u00fcr Gyn\u00e4kologie und Geburtshilfe","isPartOf":{"@id":"http:\/\/selfago.org\/fr\/#website"},"datePublished":"2025-02-28T16:18:05+00:00","dateModified":"2025-12-03T16:08:41+00:00","breadcrumb":{"@id":"http:\/\/selfago.org\/fr\/mentions-legales\/#breadcrumb"},"inLanguage":"fr-FR","potentialAction":[{"@type":"ReadAction","target":["http:\/\/selfago.org\/fr\/mentions-legales\/"]}]},{"@type":"BreadcrumbList","@id":"http:\/\/selfago.org\/fr\/mentions-legales\/#breadcrumb","itemListElement":[{"@type":"ListItem","position":1,"name":"Startseite","item":"https:\/\/selfago.org\/fr\/"},{"@type":"ListItem","position":2,"name":"Mentions l\u00e9gales"}]},{"@type":"WebSite","@id":"http:\/\/selfago.org\/fr\/#website","url":"http:\/\/selfago.org\/fr\/","name":"Europ\u00e4ische Gesellschaft Deutsch-Franz\u00f6sischer Sprache f\u00fcr Gyn\u00e4kologie und Geburtshilfe","description":"Die SELFAGO f\u00f6rdert den wissenschaftlichen Austausch und die Zusammenarbeit in Gyn\u00e4kologie und Geburtshilfe im deutsch-franz\u00f6sischen Raum und dar\u00fcber hinaus. Durch Netzwerke, Kongresse und Forschungsprojekte gestalten wir den internationalen Dialog aktiv mit.","publisher":{"@id":"http:\/\/selfago.org\/fr\/#organization"},"potentialAction":[{"@type":"SearchAction","target":{"@type":"EntryPoint","urlTemplate":"http:\/\/selfago.org\/fr\/?s={search_term_string}"},"query-input":{"@type":"PropertyValueSpecification","valueRequired":true,"valueName":"search_term_string"}}],"inLanguage":"fr-FR"},{"@type":"Organization","@id":"http:\/\/selfago.org\/fr\/#organization","name":"SELFAGO","url":"http:\/\/selfago.org\/fr\/","logo":{"@type":"ImageObject","inLanguage":"fr-FR","@id":"http:\/\/selfago.org\/fr\/#\/schema\/logo\/image\/","url":"http:\/\/selfago.org\/wp-content\/uploads\/2025\/12\/cropped-Logo-Transparent-02-scaled-e1764783827390.png","contentUrl":"http:\/\/selfago.org\/wp-content\/uploads\/2025\/12\/cropped-Logo-Transparent-02-scaled-e1764783827390.png","width":862,"height":865,"caption":"SELFAGO"},"image":{"@id":"http:\/\/selfago.org\/fr\/#\/schema\/logo\/image\/"}}]}},"rttpg_featured_image_url":null,"rttpg_author":{"display_name":"selfago","author_link":"http:\/\/selfago.org\/fr\/author\/selfago\/"},"rttpg_comment":0,"rttpg_category":false,"rttpg_excerpt":"Mentions l\u00e9gales Mentions l\u00e9gales Soci\u00e9t\u00e9 Europ\u00e9enne de Langue Franco-Allemande de Gyn\u00e9cologie et d&rsquo;Obst\u00e9trique, e. V.Mise \u00e0 jour : janvier 2025 Tribunal d&rsquo;instance : Kiel Num\u00e9ro d&rsquo;enregistrement : [Ins\u00e9rer le num\u00e9ro] \u00c9diteur du site web :Soci\u00e9t\u00e9 Europ\u00e9enne de Langue Franco-Allemande de Gyn\u00e9cologie et d&rsquo;Obst\u00e9trique, e. V. Personne habilit\u00e9e \u00e0 repr\u00e9senter au sens du \u00a7 6 de\u2026","_links":{"self":[{"href":"http:\/\/selfago.org\/fr\/wp-json\/wp\/v2\/pages\/3824","targetHints":{"allow":["GET"]}}],"collection":[{"href":"http:\/\/selfago.org\/fr\/wp-json\/wp\/v2\/pages"}],"about":[{"href":"http:\/\/selfago.org\/fr\/wp-json\/wp\/v2\/types\/page"}],"author":[{"embeddable":true,"href":"http:\/\/selfago.org\/fr\/wp-json\/wp\/v2\/users\/1"}],"replies":[{"embeddable":true,"href":"http:\/\/selfago.org\/fr\/wp-json\/wp\/v2\/comments?post=3824"}],"version-history":[{"count":1,"href":"http:\/\/selfago.org\/fr\/wp-json\/wp\/v2\/pages\/3824\/revisions"}],"predecessor-version":[{"id":3825,"href":"http:\/\/selfago.org\/fr\/wp-json\/wp\/v2\/pages\/3824\/revisions\/3825"}],"wp:attachment":[{"href":"http:\/\/selfago.org\/fr\/wp-json\/wp\/v2\/media?parent=3824"}],"curies":[{"name":"wp","href":"https:\/\/api.w.org\/{rel}","templated":true}]}}