{"id":3822,"date":"2025-02-28T17:17:53","date_gmt":"2025-02-28T16:17:53","guid":{"rendered":"https:\/\/selfago.org\/protection-des-donnees\/"},"modified":"2025-12-03T17:07:25","modified_gmt":"2025-12-03T16:07:25","slug":"protection-des-donnees","status":"publish","type":"page","link":"http:\/\/selfago.org\/fr\/protection-des-donnees\/","title":{"rendered":"Protection des donn\u00e9es"},"content":{"rendered":"\t\t<div data-elementor-type=\"wp-page\" data-elementor-id=\"3822\" class=\"elementor elementor-3822 elementor-2092\">\n\t\t\t\t<div class=\"elementor-element elementor-element-zmod43a e-flex e-con-boxed e-con e-parent\" data-id=\"zmod43a\" data-element_type=\"container\" data-settings=\"{&quot;background_background&quot;:&quot;classic&quot;}\">\n\t\t\t\t\t<div class=\"e-con-inner\">\n\t\t<div class=\"elementor-element elementor-element-c104332 e-con-full e-flex e-con e-child\" data-id=\"c104332\" data-element_type=\"container\">\n\t\t\t\t<div class=\"elementor-element elementor-element-25e01e3 elementor-widget elementor-widget-heading\" data-id=\"25e01e3\" data-element_type=\"widget\" data-widget_type=\"heading.default\">\n\t\t\t\t<div class=\"elementor-widget-container\">\n\t\t\t\t\t<h1 class=\"elementor-heading-title elementor-size-default\">Protection des donn\u00e9es<\/h1>\t\t\t\t<\/div>\n\t\t\t\t<\/div>\n\t\t\t\t<\/div>\n\t\t\t\t\t<\/div>\n\t\t\t\t<\/div>\n\t\t<div class=\"elementor-element elementor-element-507386c e-flex e-con-boxed e-con e-parent\" data-id=\"507386c\" data-element_type=\"container\">\n\t\t\t\t\t<div class=\"e-con-inner\">\n\t\t\t\t<div class=\"elementor-element elementor-element-634ede0 elementor-widget elementor-widget-heading\" data-id=\"634ede0\" data-element_type=\"widget\" data-widget_type=\"heading.default\">\n\t\t\t\t<div class=\"elementor-widget-container\">\n\t\t\t\t\t<h2 class=\"elementor-heading-title elementor-size-default\">Politique de confidentialit\u00e9<\/h2>\t\t\t\t<\/div>\n\t\t\t\t<\/div>\n\t\t\t\t<div class=\"elementor-element elementor-element-0af9794 elementor-widget elementor-widget-text-editor\" data-id=\"0af9794\" data-element_type=\"widget\" data-widget_type=\"text-editor.default\">\n\t\t\t\t<div class=\"elementor-widget-container\">\n\t\t\t\t\t\t\t\t\t<p class=\"wp-block-heading\"><strong>1. Responsable du traitement des donn\u00e9es<\/strong><\/p><p>Le responsable du traitement des donn\u00e9es sur ce site web est :<\/p><p><strong>SELFAGO \u2013 Soci\u00e9t\u00e9 Europ\u00e9enne de Langue Franco-Allemande pour la Gyn\u00e9cologie et l&rsquo;Obst\u00e9trique e.V.<\/strong><\/p><p> <\/p><p>Personne habilit\u00e9e \u00e0 repr\u00e9senter au sens du \u00a76 de la loi allemande sur les t\u00e9l\u00e9services :<br>Pr\u00e9sident de la Soci\u00e9t\u00e9 Europ\u00e9enne de Langue Franco-Allemande pour la Gyn\u00e9cologie et l&rsquo;Obst\u00e9trique e.V. (responsable du contenu conform\u00e9ment au \u00a7 6 MDStV).<\/p><p>Univ.-Prof. Dr. W. C. Kuhn<br>Frauenklinik<br>Donau Isar Klinikum Deggendorf<br>Perlasberger Str. 41<br>94469 Deggendorf<br>sek.frauenklinik.deg@donau-isar-klinikum.de<\/p><p> <\/p><p class=\"wp-block-heading\"><strong>2. Collecte et stockage des donn\u00e9es personnelles ainsi que le type et la finalit\u00e9 de leur utilisation<\/strong><\/p><p> <\/p><p class=\"wp-block-heading\"><strong>a) Lors de la visite du site web<\/strong><\/p><p>Lors de l&rsquo;acc\u00e8s \u00e0 notre site web <a href=\"http:\/\/www.%5Bdeine-domain%5D.de\">www.selfago.org<\/a>, des informations sont automatiquement envoy\u00e9es au serveur de notre site web par le navigateur utilis\u00e9 sur votre terminal. Ces informations sont temporairement stock\u00e9es dans un fichier journal. Les informations suivantes sont collect\u00e9es sans votre intervention et stock\u00e9es jusqu&rsquo;\u00e0 leur suppression automatis\u00e9e :  <\/p><ul class=\"wp-block-list\"><li>Adresse IP de l&rsquo;ordinateur demandeur<\/li><li>Date et heure de l&rsquo;acc\u00e8s<\/li><li>Nom et URL du fichier consult\u00e9<\/li><li>Site web \u00e0 partir duquel l&rsquo;acc\u00e8s a lieu (URL de r\u00e9f\u00e9rence)<\/li><li>Navigateur utilis\u00e9 et, le cas \u00e9ch\u00e9ant, le syst\u00e8me d&rsquo;exploitation de votre ordinateur ainsi que le nom de votre fournisseur d&rsquo;acc\u00e8s<\/li><\/ul><p>Les donn\u00e9es mentionn\u00e9es sont trait\u00e9es par nos soins aux fins suivantes :<\/p><ul class=\"wp-block-list\"><li>Assurer une connexion fluide au site web<\/li><li>Assurer une utilisation confortable de notre site web<\/li><li>\u00c9valuation de la s\u00e9curit\u00e9 et de la stabilit\u00e9 du syst\u00e8me ainsi que<\/li><li>\u00e0 d&rsquo;autres fins administratives.<\/li><\/ul><p>La base juridique du traitement des donn\u00e9es est l&rsquo;art. 6 al. 1 lit. f RGPD. Notre int\u00e9r\u00eat l\u00e9gitime d\u00e9coule des finalit\u00e9s de la collecte de donn\u00e9es susmentionn\u00e9es.   <\/p><p> <\/p><p class=\"wp-block-heading\"><strong>b) Lors de la prise de contact par e-mail ou formulaire de contact<\/strong><\/p><p>Si vous nous contactez par e-mail ou via notre formulaire de contact, les donn\u00e9es que vous nous communiquez (par exemple, votre adresse e-mail, le cas \u00e9ch\u00e9ant, votre nom, votre num\u00e9ro de t\u00e9l\u00e9phone) seront stock\u00e9es par nos soins afin de r\u00e9pondre \u00e0 votre demande. Le traitement de ces donn\u00e9es est effectu\u00e9 sur la base de l&rsquo;art. 6 al. 1 lit. b RGPD, si votre demande est li\u00e9e \u00e0 l&rsquo;ex\u00e9cution d&rsquo;un contrat, ou sur la base de l&rsquo;art. 6 al. 1 lit. f RGPD, s&rsquo;il s&rsquo;agit d&rsquo;une demande g\u00e9n\u00e9rale qui rel\u00e8ve de notre int\u00e9r\u00eat l\u00e9gitime.     <\/p><p> <\/p><p>Les donn\u00e9es sont effac\u00e9es d\u00e8s qu&rsquo;elles ne sont plus n\u00e9cessaires \u00e0 la r\u00e9alisation de la finalit\u00e9 de leur collecte.<\/p><p> <\/p><p class=\"wp-block-heading\"><strong>3. Utilisation de cookies<\/strong><\/p><p>Notre site web utilise des cookies. Les cookies sont de petits fichiers texte qui sont stock\u00e9s sur votre terminal et qui permettent d&rsquo;analyser l&rsquo;utilisation du site web. Il existe diff\u00e9rents types de cookies :  <\/p><ul class=\"wp-block-list\"><li><strong>Cookies n\u00e9cessaires<\/strong> : Ces cookies sont n\u00e9cessaires pour permettre les fonctions de base du site web, telles que la navigation et l&rsquo;utilisation des zones prot\u00e9g\u00e9es.<\/li><li><strong>Cookies d&rsquo;analyse<\/strong> : Ces cookies nous aident \u00e0 comprendre le comportement des utilisateurs sur notre site web, par exemple en utilisant Google Analytics (voir section 4).<\/li><\/ul><p> <\/p><p>Vous pouvez d\u00e9sactiver le stockage de cookies dans les param\u00e8tres de votre navigateur ou g\u00e9rer l&rsquo;acceptation des cookies. Veuillez noter que certaines fonctions du site web pourraient alors ne plus \u00eatre disponibles. <\/p><p> <\/p><p class=\"wp-block-heading\"><strong>4. Google Analytics<\/strong><\/p><p>Ce site web utilise Google Analytics, un service d&rsquo;analyse web de Google Inc. (\u00ab Google \u00bb). Google Analytics utilise des cookies, qui sont stock\u00e9s sur votre ordinateur et qui permettent d&rsquo;analyser votre utilisation du site web. Les informations g\u00e9n\u00e9r\u00e9es par le cookie concernant votre utilisation de ce site web (y compris votre adresse IP) sont transmises \u00e0 un serveur de Google aux \u00c9tats-Unis et y sont stock\u00e9es. Google utilisera ces informations pour \u00e9valuer votre utilisation du site web, pour \u00e9tablir des rapports sur les activit\u00e9s du site web \u00e0 destination des exploitants du site web et pour fournir d&rsquo;autres prestations de services li\u00e9es \u00e0 l&rsquo;utilisation du site web.    <\/p><p> <\/p><p>Vous pouvez emp\u00eacher le stockage de cookies en param\u00e9trant votre logiciel de navigation en cons\u00e9quence ; nous vous informons toutefois que, dans ce cas, vous ne pourrez \u00e9ventuellement pas utiliser toutes les fonctions de ce site web dans leur int\u00e9gralit\u00e9.<\/p><p> <\/p><p>Vous trouverez de plus amples informations sur la politique de confidentialit\u00e9 de Google \u00e0 l&rsquo;adresse suivante :<br><a href=\"https:\/\/policies.google.com\/privacy\" rel=\"nofollow\">https:\/\/policies.google.com\/privacy<\/a><\/p><p> <\/p><p class=\"wp-block-heading\"><strong>5. Transmission de donn\u00e9es<\/strong><\/p><p>Nous ne transmettons en principe pas vos donn\u00e9es personnelles \u00e0 des tiers, \u00e0 moins que cela ne soit n\u00e9cessaire \u00e0 l&rsquo;ex\u00e9cution d&rsquo;un contrat ou que nous n&rsquo;y soyons l\u00e9galement oblig\u00e9s.<\/p><p> <\/p><p>Une transmission \u00e0 des tiers peut \u00e9galement avoir lieu si vous y avez pr\u00e9alablement consenti express\u00e9ment.<\/p><p> <\/p><p class=\"wp-block-heading\"><strong>6. Vos droits<\/strong><\/p><p>Vous avez le droit :<\/p><ul class=\"wp-block-list\"><li>d&rsquo;<strong>obtenir des informations<\/strong> sur les donn\u00e9es personnelles que nous avons stock\u00e9es vous concernant.<\/li><li>d&rsquo;exiger la <strong>rectification<\/strong> de donn\u00e9es incorrectes ou la <strong>compl\u00e9tion<\/strong> de donn\u00e9es incompl\u00e8tes.<\/li><li>d&rsquo;exiger la <strong>suppression<\/strong> de vos donn\u00e9es personnelles, \u00e0 condition qu&rsquo;aucune obligation l\u00e9gale de conservation ne s&rsquo;y oppose.<\/li><li>d&rsquo;exiger la <strong>limitation du traitement<\/strong> de vos donn\u00e9es personnelles.<\/li><li>de vous <strong>opposer<\/strong> au traitement de vos donn\u00e9es personnelles, dans la mesure o\u00f9 nous traitons les donn\u00e9es sur la base d&rsquo;un int\u00e9r\u00eat l\u00e9gitime.<\/li><li>d&rsquo;exiger la <strong>portabilit\u00e9 des donn\u00e9es<\/strong> de vos donn\u00e9es personnelles, si vous nous les avez fournies et que le traitement est automatis\u00e9.<\/li><\/ul><p> <\/p><p>Si vous estimez que le traitement de vos donn\u00e9es personnelles viole le RGPD, vous avez le droit de d\u00e9poser une plainte aupr\u00e8s d&rsquo;une autorit\u00e9 de surveillance.<\/p><p> <\/p><p class=\"wp-block-heading\"><strong>7. Modifications de la politique de confidentialit\u00e9<\/strong><\/p><p>Nous nous r\u00e9servons le droit de modifier cette politique de confidentialit\u00e9 afin de l&rsquo;adapter \u00e0 des dispositions l\u00e9gales modifi\u00e9es ou \u00e0 des modifications des prestations de service.<\/p><p>La version actuelle de la politique de confidentialit\u00e9 est toujours disponible sur notre site web.<\/p>\t\t\t\t\t\t\t\t<\/div>\n\t\t\t\t<\/div>\n\t\t\t\t\t<\/div>\n\t\t\t\t<\/div>\n\t\t\t\t<\/div>\n\t\t","protected":false},"excerpt":{"rendered":"<p>Protection des donn\u00e9es Politique de confidentialit\u00e9 1. Responsable du traitement des donn\u00e9es Le responsable du traitement des donn\u00e9es sur ce site web est : SELFAGO \u2013 Soci\u00e9t\u00e9 Europ\u00e9enne de Langue Franco-Allemande pour la Gyn\u00e9cologie et l&rsquo;Obst\u00e9trique e.V. Personne habilit\u00e9e \u00e0 repr\u00e9senter au sens du \u00a76 de la loi allemande sur les t\u00e9l\u00e9services :Pr\u00e9sident de la [&hellip;]<\/p>\n","protected":false},"author":1,"featured_media":0,"parent":0,"menu_order":0,"comment_status":"closed","ping_status":"closed","template":"","meta":{"site-sidebar-layout":"no-sidebar","site-content-layout":"page-builder","ast-site-content-layout":"full-width-container","site-content-style":"default","site-sidebar-style":"default","ast-global-header-display":"","ast-banner-title-visibility":"","ast-main-header-display":"","ast-hfb-above-header-display":"","ast-hfb-below-header-display":"","ast-hfb-mobile-header-display":"","site-post-title":"disabled","ast-breadcrumbs-content":"","ast-featured-img":"disabled","footer-sml-layout":"","theme-transparent-header-meta":"default","adv-header-id-meta":"","stick-header-meta":"","header-above-stick-meta":"","header-main-stick-meta":"","header-below-stick-meta":"","astra-migrate-meta-layouts":"default","ast-page-background-enabled":"default","ast-page-background-meta":{"desktop":{"background-color":"var(--ast-global-color-4)","background-image":"","background-repeat":"repeat","background-position":"center center","background-size":"auto","background-attachment":"scroll","background-type":"","background-media":"","overlay-type":"","overlay-color":"","overlay-opacity":"","overlay-gradient":""},"tablet":{"background-color":"","background-image":"","background-repeat":"repeat","background-position":"center center","background-size":"auto","background-attachment":"scroll","background-type":"","background-media":"","overlay-type":"","overlay-color":"","overlay-opacity":"","overlay-gradient":""},"mobile":{"background-color":"","background-image":"","background-repeat":"repeat","background-position":"center center","background-size":"auto","background-attachment":"scroll","background-type":"","background-media":"","overlay-type":"","overlay-color":"","overlay-opacity":"","overlay-gradient":""}},"ast-content-background-meta":{"desktop":{"background-color":"var(--ast-global-color-5)","background-image":"","background-repeat":"repeat","background-position":"center center","background-size":"auto","background-attachment":"scroll","background-type":"","background-media":"","overlay-type":"","overlay-color":"","overlay-opacity":"","overlay-gradient":""},"tablet":{"background-color":"var(--ast-global-color-5)","background-image":"","background-repeat":"repeat","background-position":"center center","background-size":"auto","background-attachment":"scroll","background-type":"","background-media":"","overlay-type":"","overlay-color":"","overlay-opacity":"","overlay-gradient":""},"mobile":{"background-color":"var(--ast-global-color-5)","background-image":"","background-repeat":"repeat","background-position":"center center","background-size":"auto","background-attachment":"scroll","background-type":"","background-media":"","overlay-type":"","overlay-color":"","overlay-opacity":"","overlay-gradient":""}},"footnotes":""},"class_list":["post-3822","page","type-page","status-publish","hentry"],"yoast_head":"<!-- This site is optimized with the Yoast SEO plugin v24.7 - https:\/\/yoast.com\/wordpress\/plugins\/seo\/ -->\n<title>Protection des donn\u00e9es - Europ\u00e4ische Gesellschaft Deutsch-Franz\u00f6sischer Sprache f\u00fcr Gyn\u00e4kologie und Geburtshilfe<\/title>\n<meta name=\"robots\" content=\"index, follow, max-snippet:-1, max-image-preview:large, max-video-preview:-1\" \/>\n<link rel=\"canonical\" href=\"http:\/\/selfago.org\/fr\/protection-des-donnees\/\" \/>\n<meta property=\"og:locale\" content=\"fr_FR\" \/>\n<meta property=\"og:type\" content=\"article\" \/>\n<meta property=\"og:title\" content=\"Protection des donn\u00e9es - Europ\u00e4ische Gesellschaft Deutsch-Franz\u00f6sischer Sprache f\u00fcr Gyn\u00e4kologie und Geburtshilfe\" \/>\n<meta property=\"og:description\" content=\"Protection des donn\u00e9es Politique de confidentialit\u00e9 1. Responsable du traitement des donn\u00e9es Le responsable du traitement des donn\u00e9es sur ce site web est : SELFAGO \u2013 Soci\u00e9t\u00e9 Europ\u00e9enne de Langue Franco-Allemande pour la Gyn\u00e9cologie et l&rsquo;Obst\u00e9trique e.V. Personne habilit\u00e9e \u00e0 repr\u00e9senter au sens du \u00a76 de la loi allemande sur les t\u00e9l\u00e9services :Pr\u00e9sident de la [&hellip;]\" \/>\n<meta property=\"og:url\" content=\"http:\/\/selfago.org\/fr\/protection-des-donnees\/\" \/>\n<meta property=\"og:site_name\" content=\"Europ\u00e4ische Gesellschaft Deutsch-Franz\u00f6sischer Sprache f\u00fcr Gyn\u00e4kologie und Geburtshilfe\" \/>\n<meta property=\"article:modified_time\" content=\"2025-12-03T16:07:25+00:00\" \/>\n<meta name=\"twitter:card\" content=\"summary_large_image\" \/>\n<meta name=\"twitter:label1\" content=\"Dur\u00e9e de lecture estim\u00e9e\" \/>\n\t<meta name=\"twitter:data1\" content=\"5 minutes\" \/>\n<script type=\"application\/ld+json\" class=\"yoast-schema-graph\">{\"@context\":\"https:\/\/schema.org\",\"@graph\":[{\"@type\":\"WebPage\",\"@id\":\"http:\/\/selfago.org\/fr\/protection-des-donnees\/\",\"url\":\"http:\/\/selfago.org\/fr\/protection-des-donnees\/\",\"name\":\"Protection des donn\u00e9es - Europ\u00e4ische Gesellschaft Deutsch-Franz\u00f6sischer Sprache f\u00fcr Gyn\u00e4kologie und Geburtshilfe\",\"isPartOf\":{\"@id\":\"http:\/\/selfago.org\/fr\/#website\"},\"datePublished\":\"2025-02-28T16:17:53+00:00\",\"dateModified\":\"2025-12-03T16:07:25+00:00\",\"breadcrumb\":{\"@id\":\"http:\/\/selfago.org\/fr\/protection-des-donnees\/#breadcrumb\"},\"inLanguage\":\"fr-FR\",\"potentialAction\":[{\"@type\":\"ReadAction\",\"target\":[\"http:\/\/selfago.org\/fr\/protection-des-donnees\/\"]}]},{\"@type\":\"BreadcrumbList\",\"@id\":\"http:\/\/selfago.org\/fr\/protection-des-donnees\/#breadcrumb\",\"itemListElement\":[{\"@type\":\"ListItem\",\"position\":1,\"name\":\"Startseite\",\"item\":\"https:\/\/selfago.org\/fr\/\"},{\"@type\":\"ListItem\",\"position\":2,\"name\":\"Protection des donn\u00e9es\"}]},{\"@type\":\"WebSite\",\"@id\":\"http:\/\/selfago.org\/fr\/#website\",\"url\":\"http:\/\/selfago.org\/fr\/\",\"name\":\"Europ\u00e4ische Gesellschaft Deutsch-Franz\u00f6sischer Sprache f\u00fcr Gyn\u00e4kologie und Geburtshilfe\",\"description\":\"Die SELFAGO f\u00f6rdert den wissenschaftlichen Austausch und die Zusammenarbeit in Gyn\u00e4kologie und Geburtshilfe im deutsch-franz\u00f6sischen Raum und dar\u00fcber hinaus. Durch Netzwerke, Kongresse und Forschungsprojekte gestalten wir den internationalen Dialog aktiv mit.\",\"publisher\":{\"@id\":\"http:\/\/selfago.org\/fr\/#organization\"},\"potentialAction\":[{\"@type\":\"SearchAction\",\"target\":{\"@type\":\"EntryPoint\",\"urlTemplate\":\"http:\/\/selfago.org\/fr\/?s={search_term_string}\"},\"query-input\":{\"@type\":\"PropertyValueSpecification\",\"valueRequired\":true,\"valueName\":\"search_term_string\"}}],\"inLanguage\":\"fr-FR\"},{\"@type\":\"Organization\",\"@id\":\"http:\/\/selfago.org\/fr\/#organization\",\"name\":\"SELFAGO\",\"url\":\"http:\/\/selfago.org\/fr\/\",\"logo\":{\"@type\":\"ImageObject\",\"inLanguage\":\"fr-FR\",\"@id\":\"http:\/\/selfago.org\/fr\/#\/schema\/logo\/image\/\",\"url\":\"http:\/\/selfago.org\/wp-content\/uploads\/2025\/12\/cropped-Logo-Transparent-02-scaled-e1764783827390.png\",\"contentUrl\":\"http:\/\/selfago.org\/wp-content\/uploads\/2025\/12\/cropped-Logo-Transparent-02-scaled-e1764783827390.png\",\"width\":862,\"height\":865,\"caption\":\"SELFAGO\"},\"image\":{\"@id\":\"http:\/\/selfago.org\/fr\/#\/schema\/logo\/image\/\"}}]}<\/script>\n<!-- \/ Yoast SEO plugin. -->","yoast_head_json":{"title":"Protection des donn\u00e9es - Europ\u00e4ische Gesellschaft Deutsch-Franz\u00f6sischer Sprache f\u00fcr Gyn\u00e4kologie und Geburtshilfe","robots":{"index":"index","follow":"follow","max-snippet":"max-snippet:-1","max-image-preview":"max-image-preview:large","max-video-preview":"max-video-preview:-1"},"canonical":"http:\/\/selfago.org\/fr\/protection-des-donnees\/","og_locale":"fr_FR","og_type":"article","og_title":"Protection des donn\u00e9es - Europ\u00e4ische Gesellschaft Deutsch-Franz\u00f6sischer Sprache f\u00fcr Gyn\u00e4kologie und Geburtshilfe","og_description":"Protection des donn\u00e9es Politique de confidentialit\u00e9 1. Responsable du traitement des donn\u00e9es Le responsable du traitement des donn\u00e9es sur ce site web est : SELFAGO \u2013 Soci\u00e9t\u00e9 Europ\u00e9enne de Langue Franco-Allemande pour la Gyn\u00e9cologie et l&rsquo;Obst\u00e9trique e.V. Personne habilit\u00e9e \u00e0 repr\u00e9senter au sens du \u00a76 de la loi allemande sur les t\u00e9l\u00e9services :Pr\u00e9sident de la [&hellip;]","og_url":"http:\/\/selfago.org\/fr\/protection-des-donnees\/","og_site_name":"Europ\u00e4ische Gesellschaft Deutsch-Franz\u00f6sischer Sprache f\u00fcr Gyn\u00e4kologie und Geburtshilfe","article_modified_time":"2025-12-03T16:07:25+00:00","twitter_card":"summary_large_image","twitter_misc":{"Dur\u00e9e de lecture estim\u00e9e":"5 minutes"},"schema":{"@context":"https:\/\/schema.org","@graph":[{"@type":"WebPage","@id":"http:\/\/selfago.org\/fr\/protection-des-donnees\/","url":"http:\/\/selfago.org\/fr\/protection-des-donnees\/","name":"Protection des donn\u00e9es - Europ\u00e4ische Gesellschaft Deutsch-Franz\u00f6sischer Sprache f\u00fcr Gyn\u00e4kologie und Geburtshilfe","isPartOf":{"@id":"http:\/\/selfago.org\/fr\/#website"},"datePublished":"2025-02-28T16:17:53+00:00","dateModified":"2025-12-03T16:07:25+00:00","breadcrumb":{"@id":"http:\/\/selfago.org\/fr\/protection-des-donnees\/#breadcrumb"},"inLanguage":"fr-FR","potentialAction":[{"@type":"ReadAction","target":["http:\/\/selfago.org\/fr\/protection-des-donnees\/"]}]},{"@type":"BreadcrumbList","@id":"http:\/\/selfago.org\/fr\/protection-des-donnees\/#breadcrumb","itemListElement":[{"@type":"ListItem","position":1,"name":"Startseite","item":"https:\/\/selfago.org\/fr\/"},{"@type":"ListItem","position":2,"name":"Protection des donn\u00e9es"}]},{"@type":"WebSite","@id":"http:\/\/selfago.org\/fr\/#website","url":"http:\/\/selfago.org\/fr\/","name":"Europ\u00e4ische Gesellschaft Deutsch-Franz\u00f6sischer Sprache f\u00fcr Gyn\u00e4kologie und Geburtshilfe","description":"Die SELFAGO f\u00f6rdert den wissenschaftlichen Austausch und die Zusammenarbeit in Gyn\u00e4kologie und Geburtshilfe im deutsch-franz\u00f6sischen Raum und dar\u00fcber hinaus. Durch Netzwerke, Kongresse und Forschungsprojekte gestalten wir den internationalen Dialog aktiv mit.","publisher":{"@id":"http:\/\/selfago.org\/fr\/#organization"},"potentialAction":[{"@type":"SearchAction","target":{"@type":"EntryPoint","urlTemplate":"http:\/\/selfago.org\/fr\/?s={search_term_string}"},"query-input":{"@type":"PropertyValueSpecification","valueRequired":true,"valueName":"search_term_string"}}],"inLanguage":"fr-FR"},{"@type":"Organization","@id":"http:\/\/selfago.org\/fr\/#organization","name":"SELFAGO","url":"http:\/\/selfago.org\/fr\/","logo":{"@type":"ImageObject","inLanguage":"fr-FR","@id":"http:\/\/selfago.org\/fr\/#\/schema\/logo\/image\/","url":"http:\/\/selfago.org\/wp-content\/uploads\/2025\/12\/cropped-Logo-Transparent-02-scaled-e1764783827390.png","contentUrl":"http:\/\/selfago.org\/wp-content\/uploads\/2025\/12\/cropped-Logo-Transparent-02-scaled-e1764783827390.png","width":862,"height":865,"caption":"SELFAGO"},"image":{"@id":"http:\/\/selfago.org\/fr\/#\/schema\/logo\/image\/"}}]}},"rttpg_featured_image_url":null,"rttpg_author":{"display_name":"selfago","author_link":"http:\/\/selfago.org\/fr\/author\/selfago\/"},"rttpg_comment":0,"rttpg_category":false,"rttpg_excerpt":"Protection des donn\u00e9es Politique de confidentialit\u00e9 1. Responsable du traitement des donn\u00e9es Le responsable du traitement des donn\u00e9es sur ce site web est : SELFAGO \u2013 Soci\u00e9t\u00e9 Europ\u00e9enne de Langue Franco-Allemande pour la Gyn\u00e9cologie et l&rsquo;Obst\u00e9trique e.V. Personne habilit\u00e9e \u00e0 repr\u00e9senter au sens du \u00a76 de la loi allemande sur les t\u00e9l\u00e9services :Pr\u00e9sident de la\u2026","_links":{"self":[{"href":"http:\/\/selfago.org\/fr\/wp-json\/wp\/v2\/pages\/3822","targetHints":{"allow":["GET"]}}],"collection":[{"href":"http:\/\/selfago.org\/fr\/wp-json\/wp\/v2\/pages"}],"about":[{"href":"http:\/\/selfago.org\/fr\/wp-json\/wp\/v2\/types\/page"}],"author":[{"embeddable":true,"href":"http:\/\/selfago.org\/fr\/wp-json\/wp\/v2\/users\/1"}],"replies":[{"embeddable":true,"href":"http:\/\/selfago.org\/fr\/wp-json\/wp\/v2\/comments?post=3822"}],"version-history":[{"count":1,"href":"http:\/\/selfago.org\/fr\/wp-json\/wp\/v2\/pages\/3822\/revisions"}],"predecessor-version":[{"id":3823,"href":"http:\/\/selfago.org\/fr\/wp-json\/wp\/v2\/pages\/3822\/revisions\/3823"}],"wp:attachment":[{"href":"http:\/\/selfago.org\/fr\/wp-json\/wp\/v2\/media?parent=3822"}],"curies":[{"name":"wp","href":"https:\/\/api.w.org\/{rel}","templated":true}]}}