{"id":3712,"date":"2025-02-27T20:00:20","date_gmt":"2025-02-27T19:00:20","guid":{"rendered":"https:\/\/selfago.org\/objectifs\/"},"modified":"2025-12-03T16:55:45","modified_gmt":"2025-12-03T15:55:45","slug":"objectifs","status":"publish","type":"page","link":"http:\/\/selfago.org\/fr\/objectifs\/","title":{"rendered":"Objectifs"},"content":{"rendered":"\t\t<div data-elementor-type=\"wp-page\" data-elementor-id=\"3712\" class=\"elementor elementor-3712 elementor-14\">\n\t\t\t\t<div class=\"elementor-element elementor-element-4094ee7 e-flex e-con-boxed e-con e-parent\" data-id=\"4094ee7\" data-element_type=\"container\" data-settings=\"{&quot;background_background&quot;:&quot;classic&quot;}\">\n\t\t\t\t\t<div class=\"e-con-inner\">\n\t\t<div class=\"elementor-element elementor-element-8695738 e-con-full e-flex e-con e-child\" data-id=\"8695738\" data-element_type=\"container\">\n\t\t\t\t<div class=\"elementor-element elementor-element-2646c9c elementor-widget elementor-widget-heading\" data-id=\"2646c9c\" data-element_type=\"widget\" data-widget_type=\"heading.default\">\n\t\t\t\t<div class=\"elementor-widget-container\">\n\t\t\t\t\t<h1 class=\"elementor-heading-title elementor-size-default\">Objectifs<\/h1>\t\t\t\t<\/div>\n\t\t\t\t<\/div>\n\t\t\t\t<\/div>\n\t\t\t\t\t<\/div>\n\t\t\t\t<\/div>\n\t\t\t\t<section class=\"elementor-section elementor-top-section elementor-element elementor-element-9khg8cc elementor-section-content-top elementor-section-boxed elementor-section-height-default elementor-section-height-default\" data-id=\"9khg8cc\" data-element_type=\"section\" data-settings=\"{&quot;background_background&quot;:&quot;classic&quot;}\">\n\t\t\t\t\t\t\t<div class=\"elementor-background-overlay\"><\/div>\n\t\t\t\t\t\t\t<div class=\"elementor-container elementor-column-gap-no\">\n\t\t\t\t\t<div class=\"elementor-column elementor-col-50 elementor-top-column elementor-element elementor-element-233a7da\" data-id=\"233a7da\" data-element_type=\"column\">\n\t\t\t<div class=\"elementor-widget-wrap elementor-element-populated\">\n\t\t\t\t\t\t<div class=\"elementor-element elementor-element-064b7e8 elementor-widget elementor-widget-heading\" data-id=\"064b7e8\" data-element_type=\"widget\" data-widget_type=\"heading.default\">\n\t\t\t\t<div class=\"elementor-widget-container\">\n\t\t\t\t\t<h5 class=\"elementor-heading-title elementor-size-default\">\u00c9change professionnel et promotion de la rel\u00e8ve<\/h5>\t\t\t\t<\/div>\n\t\t\t\t<\/div>\n\t\t\t\t<div class=\"elementor-element elementor-element-baf6b33 elementor-widget elementor-widget-heading\" data-id=\"baf6b33\" data-element_type=\"widget\" data-widget_type=\"heading.default\">\n\t\t\t\t<div class=\"elementor-widget-container\">\n\t\t\t\t\t<h2 class=\"elementor-heading-title elementor-size-default\">Ensemble pour la gyn\u00e9cologie et l'obst\u00e9trique<\/h2>\t\t\t\t<\/div>\n\t\t\t\t<\/div>\n\t\t\t\t\t<\/div>\n\t\t<\/div>\n\t\t\t\t<div class=\"elementor-column elementor-col-50 elementor-top-column elementor-element elementor-element-d4838ed\" data-id=\"d4838ed\" data-element_type=\"column\">\n\t\t\t<div class=\"elementor-widget-wrap elementor-element-populated\">\n\t\t\t\t\t\t<div class=\"elementor-element elementor-element-ff6ba89 elementor-widget elementor-widget-text-editor\" data-id=\"ff6ba89\" data-element_type=\"widget\" data-widget_type=\"text-editor.default\">\n\t\t\t\t<div class=\"elementor-widget-container\">\n\t\t\t\t\t\t\t\t\t<div>\n<p>L&rsquo;objectif de notre soci\u00e9t\u00e9, initialement franco-allemande, puis europ\u00e9enne de langue franco-allemande pour la gyn\u00e9cologie et l&rsquo;obst\u00e9trique, a toujours \u00e9t\u00e9 de permettre un rapprochement des soci\u00e9t\u00e9s sp\u00e9cialis\u00e9es en gyn\u00e9cologie et obst\u00e9trique dans les diff\u00e9rents pays, afin de parvenir ainsi, sur le plan professionnel et surtout personnel, \u00e0 une coh\u00e9sion profitable \u00e0 tous les participants. Lors de nombreux congr\u00e8s nationaux et internationaux, parfois sous la direction de notre soci\u00e9t\u00e9, les membres des soci\u00e9t\u00e9s sp\u00e9cialis\u00e9es ont pu pr\u00e9senter leurs donn\u00e9es, qui ont \u00e9t\u00e9 publi\u00e9es \u00e0 plusieurs reprises dans des \u00ab&nbsp;journals&nbsp;\u00bb internationaux r\u00e9pertori\u00e9s. Cette \u00e9volution doit \u00eatre poursuivie, en particulier les jeunes coll\u00e8gues ont la possibilit\u00e9, lors des s\u00e9ances scientifiques, de pr\u00e9senter leurs donn\u00e9es et de les d\u00e9fendre lors des discussions avec l&rsquo;auditoire. Un objectif essentiel de notre soci\u00e9t\u00e9 est de promouvoir et de renforcer la rel\u00e8ve&nbsp;; dans cette optique, des s\u00e9minaires intensifs sont pr\u00e9vus \u00e0 l&rsquo;avenir dans diff\u00e9rentes villes europ\u00e9ennes, au cours desquels la rel\u00e8ve doit entrer dans le discours scientifique apr\u00e8s des expos\u00e9s de fond pr\u00e9sent\u00e9s par des experts, tout en laissant suffisamment de temps pour se familiariser avec les particularit\u00e9s des villes respectives et attrayantes dont l&rsquo;Europe est v\u00e9ritablement riche (les d\u00e9tails de ces s\u00e9minaires seront indiqu\u00e9s sous   <span class=\"apple-converted-space\">&nbsp;<\/span><strong><a href=\"https:\/\/selfago.org\/aktuelles\/\">Actualit\u00e9s<\/a><\/strong><span class=\"apple-converted-space\">&nbsp;<\/span>mentionn\u00e9s).<\/p>\n<\/div>\n<div>\n<p>L&rsquo;exp\u00e9rience acquise jusqu&rsquo;\u00e0 pr\u00e9sent a montr\u00e9 que les projets de notre soci\u00e9t\u00e9 peuvent \u00eatre tr\u00e8s enrichissants pour tous les participants, tant sur le plan professionnel que sur les aspects culturels et personnels. Nous serions donc extr\u00eamement reconnaissants d&rsquo;un soutien \u00e0 la Soci\u00e9t\u00e9 europ\u00e9enne de langue franco-allemande pour la gyn\u00e9cologie et l&rsquo;obst\u00e9trique.&nbsp;<\/p>\n<\/div>\t\t\t\t\t\t\t\t<\/div>\n\t\t\t\t<\/div>\n\t\t\t\t\t<\/div>\n\t\t<\/div>\n\t\t\t\t\t<\/div>\n\t\t<\/section>\n\t\t<div class=\"elementor-element elementor-element-2b8719b e-flex e-con-boxed e-con e-parent\" data-id=\"2b8719b\" data-element_type=\"container\" data-settings=\"{&quot;background_background&quot;:&quot;classic&quot;}\">\n\t\t\t\t\t<div class=\"e-con-inner\">\n\t\t<div class=\"elementor-element elementor-element-63d5bf2 e-con-full e-flex e-con e-child\" data-id=\"63d5bf2\" data-element_type=\"container\">\n\t\t\t\t<div class=\"elementor-element elementor-element-0d8152f elementor-widget elementor-widget-image\" data-id=\"0d8152f\" data-element_type=\"widget\" data-widget_type=\"image.default\">\n\t\t\t\t<div class=\"elementor-widget-container\">\n\t\t\t\t\t\t\t\t\t\t\t\t\t\t\t<img decoding=\"async\" width=\"150\" height=\"150\" src=\"https:\/\/selfago.org\/wp-content\/uploads\/2025\/12\/Logo_SELFAGO_Bottom_256-150x150.png\" class=\"attachment-thumbnail size-thumbnail wp-image-3683\" alt=\"\" \/>\t\t\t\t\t\t\t\t\t\t\t\t\t\t\t<\/div>\n\t\t\t\t<\/div>\n\t\t\t\t<div class=\"elementor-element elementor-element-cc480a2 elementor-widget elementor-widget-heading\" data-id=\"cc480a2\" data-element_type=\"widget\" data-widget_type=\"heading.default\">\n\t\t\t\t<div class=\"elementor-widget-container\">\n\t\t\t\t\t<h2 class=\"elementor-heading-title elementor-size-default\">Contactez-nous<\/h2>\t\t\t\t<\/div>\n\t\t\t\t<\/div>\n\t\t\t\t<div class=\"elementor-element elementor-element-bb8f441 elementor-widget elementor-widget-text-editor\" data-id=\"bb8f441\" data-element_type=\"widget\" data-widget_type=\"text-editor.default\">\n\t\t\t\t<div class=\"elementor-widget-container\">\n\t\t\t\t\t\t\t\t\t<p>Avez-vous des questions ? Nous vous remercions de toutes vos questions et serons heureux d\u2019y r\u00e9pondre, que ce soit concernant l\u2019adh\u00e9sion, notre soci\u00e9t\u00e9 ou d\u2019autres pr\u00e9occupations. <\/p>\t\t\t\t\t\t\t\t<\/div>\n\t\t\t\t<\/div>\n\t\t\t\t<div class=\"elementor-element elementor-element-dc0d412 elementor-align-center elementor-widget__width-inherit elementor-widget elementor-widget-button\" data-id=\"dc0d412\" data-element_type=\"widget\" data-widget_type=\"button.default\">\n\t\t\t\t<div class=\"elementor-widget-container\">\n\t\t\t\t\t\t\t\t\t<div class=\"elementor-button-wrapper\">\n\t\t\t\t\t<a class=\"elementor-button elementor-button-link elementor-size-sm\" href=\"https:\/\/selfago.org\/kontakt\/\">\n\t\t\t\t\t\t<span class=\"elementor-button-content-wrapper\">\n\t\t\t\t\t\t\t\t\t<span class=\"elementor-button-text\">Contact<\/span>\n\t\t\t\t\t<\/span>\n\t\t\t\t\t<\/a>\n\t\t\t\t<\/div>\n\t\t\t\t\t\t\t\t<\/div>\n\t\t\t\t<\/div>\n\t\t\t\t<\/div>\n\t\t\t\t\t<\/div>\n\t\t\t\t<\/div>\n\t\t\t\t<\/div>\n\t\t","protected":false},"excerpt":{"rendered":"<p>Objectifs \u00c9change professionnel et promotion de la rel\u00e8ve Ensemble pour la gyn\u00e9cologie et l&rsquo;obst\u00e9trique L&rsquo;objectif de notre soci\u00e9t\u00e9, initialement franco-allemande, puis europ\u00e9enne de langue franco-allemande pour la gyn\u00e9cologie et l&rsquo;obst\u00e9trique, a toujours \u00e9t\u00e9 de permettre un rapprochement des soci\u00e9t\u00e9s sp\u00e9cialis\u00e9es en gyn\u00e9cologie et obst\u00e9trique dans les diff\u00e9rents pays, afin de parvenir ainsi, sur le plan [&hellip;]<\/p>\n","protected":false},"author":1,"featured_media":0,"parent":0,"menu_order":0,"comment_status":"closed","ping_status":"closed","template":"","meta":{"site-sidebar-layout":"no-sidebar","site-content-layout":"page-builder","ast-site-content-layout":"full-width-container","site-content-style":"unboxed","site-sidebar-style":"unboxed","ast-global-header-display":"","ast-banner-title-visibility":"","ast-main-header-display":"","ast-hfb-above-header-display":"","ast-hfb-below-header-display":"","ast-hfb-mobile-header-display":"","site-post-title":"disabled","ast-breadcrumbs-content":"","ast-featured-img":"disabled","footer-sml-layout":"","theme-transparent-header-meta":"enabled","adv-header-id-meta":"","stick-header-meta":"","header-above-stick-meta":"","header-main-stick-meta":"","header-below-stick-meta":"","astra-migrate-meta-layouts":"default","ast-page-background-enabled":"default","ast-page-background-meta":{"desktop":{"background-color":"var(--ast-global-color-4)","background-image":"","background-repeat":"repeat","background-position":"center center","background-size":"auto","background-attachment":"scroll","background-type":"","background-media":"","overlay-type":"","overlay-color":"","overlay-opacity":"","overlay-gradient":""},"tablet":{"background-color":"","background-image":"","background-repeat":"repeat","background-position":"center center","background-size":"auto","background-attachment":"scroll","background-type":"","background-media":"","overlay-type":"","overlay-color":"","overlay-opacity":"","overlay-gradient":""},"mobile":{"background-color":"","background-image":"","background-repeat":"repeat","background-position":"center center","background-size":"auto","background-attachment":"scroll","background-type":"","background-media":"","overlay-type":"","overlay-color":"","overlay-opacity":"","overlay-gradient":""}},"ast-content-background-meta":{"desktop":{"background-color":"var(--ast-global-color-5)","background-image":"","background-repeat":"repeat","background-position":"center center","background-size":"auto","background-attachment":"scroll","background-type":"","background-media":"","overlay-type":"","overlay-color":"","overlay-opacity":"","overlay-gradient":""},"tablet":{"background-color":"var(--ast-global-color-5)","background-image":"","background-repeat":"repeat","background-position":"center center","background-size":"auto","background-attachment":"scroll","background-type":"","background-media":"","overlay-type":"","overlay-color":"","overlay-opacity":"","overlay-gradient":""},"mobile":{"background-color":"var(--ast-global-color-5)","background-image":"","background-repeat":"repeat","background-position":"center center","background-size":"auto","background-attachment":"scroll","background-type":"","background-media":"","overlay-type":"","overlay-color":"","overlay-opacity":"","overlay-gradient":""}},"footnotes":""},"class_list":["post-3712","page","type-page","status-publish","hentry"],"yoast_head":"<!-- This site is optimized with the Yoast SEO plugin v24.7 - https:\/\/yoast.com\/wordpress\/plugins\/seo\/ -->\n<title>Objectifs - Europ\u00e4ische Gesellschaft Deutsch-Franz\u00f6sischer Sprache f\u00fcr Gyn\u00e4kologie und Geburtshilfe<\/title>\n<meta name=\"robots\" content=\"index, follow, max-snippet:-1, max-image-preview:large, max-video-preview:-1\" \/>\n<link rel=\"canonical\" href=\"http:\/\/selfago.org\/fr\/objectifs\/\" \/>\n<meta property=\"og:locale\" content=\"fr_FR\" \/>\n<meta property=\"og:type\" content=\"article\" \/>\n<meta property=\"og:title\" content=\"Objectifs - Europ\u00e4ische Gesellschaft Deutsch-Franz\u00f6sischer Sprache f\u00fcr Gyn\u00e4kologie und Geburtshilfe\" \/>\n<meta property=\"og:description\" content=\"Objectifs \u00c9change professionnel et promotion de la rel\u00e8ve Ensemble pour la gyn\u00e9cologie et l&rsquo;obst\u00e9trique L&rsquo;objectif de notre soci\u00e9t\u00e9, initialement franco-allemande, puis europ\u00e9enne de langue franco-allemande pour la gyn\u00e9cologie et l&rsquo;obst\u00e9trique, a toujours \u00e9t\u00e9 de permettre un rapprochement des soci\u00e9t\u00e9s sp\u00e9cialis\u00e9es en gyn\u00e9cologie et obst\u00e9trique dans les diff\u00e9rents pays, afin de parvenir ainsi, sur le plan [&hellip;]\" \/>\n<meta property=\"og:url\" content=\"http:\/\/selfago.org\/fr\/objectifs\/\" \/>\n<meta property=\"og:site_name\" content=\"Europ\u00e4ische Gesellschaft Deutsch-Franz\u00f6sischer Sprache f\u00fcr Gyn\u00e4kologie und Geburtshilfe\" \/>\n<meta property=\"article:modified_time\" content=\"2025-12-03T15:55:45+00:00\" \/>\n<meta property=\"og:image\" content=\"https:\/\/selfago.org\/wp-content\/uploads\/2025\/12\/Logo_SELFAGO_Bottom_256-150x150.png\" \/>\n<meta name=\"twitter:card\" content=\"summary_large_image\" \/>\n<meta name=\"twitter:label1\" content=\"Dur\u00e9e de lecture estim\u00e9e\" \/>\n\t<meta name=\"twitter:data1\" content=\"2 minutes\" \/>\n<script type=\"application\/ld+json\" class=\"yoast-schema-graph\">{\"@context\":\"https:\/\/schema.org\",\"@graph\":[{\"@type\":\"WebPage\",\"@id\":\"http:\/\/selfago.org\/fr\/objectifs\/\",\"url\":\"http:\/\/selfago.org\/fr\/objectifs\/\",\"name\":\"Objectifs - Europ\u00e4ische Gesellschaft Deutsch-Franz\u00f6sischer Sprache f\u00fcr Gyn\u00e4kologie und Geburtshilfe\",\"isPartOf\":{\"@id\":\"http:\/\/selfago.org\/fr\/#website\"},\"primaryImageOfPage\":{\"@id\":\"http:\/\/selfago.org\/fr\/objectifs\/#primaryimage\"},\"image\":{\"@id\":\"http:\/\/selfago.org\/fr\/objectifs\/#primaryimage\"},\"thumbnailUrl\":\"https:\/\/selfago.org\/wp-content\/uploads\/2025\/12\/Logo_SELFAGO_Bottom_256-150x150.png\",\"datePublished\":\"2025-02-27T19:00:20+00:00\",\"dateModified\":\"2025-12-03T15:55:45+00:00\",\"breadcrumb\":{\"@id\":\"http:\/\/selfago.org\/fr\/objectifs\/#breadcrumb\"},\"inLanguage\":\"fr-FR\",\"potentialAction\":[{\"@type\":\"ReadAction\",\"target\":[\"http:\/\/selfago.org\/fr\/objectifs\/\"]}]},{\"@type\":\"ImageObject\",\"inLanguage\":\"fr-FR\",\"@id\":\"http:\/\/selfago.org\/fr\/objectifs\/#primaryimage\",\"url\":\"https:\/\/selfago.org\/wp-content\/uploads\/2025\/12\/Logo_SELFAGO_Bottom_256-150x150.png\",\"contentUrl\":\"https:\/\/selfago.org\/wp-content\/uploads\/2025\/12\/Logo_SELFAGO_Bottom_256-150x150.png\"},{\"@type\":\"BreadcrumbList\",\"@id\":\"http:\/\/selfago.org\/fr\/objectifs\/#breadcrumb\",\"itemListElement\":[{\"@type\":\"ListItem\",\"position\":1,\"name\":\"Startseite\",\"item\":\"https:\/\/selfago.org\/fr\/\"},{\"@type\":\"ListItem\",\"position\":2,\"name\":\"Objectifs\"}]},{\"@type\":\"WebSite\",\"@id\":\"http:\/\/selfago.org\/fr\/#website\",\"url\":\"http:\/\/selfago.org\/fr\/\",\"name\":\"Europ\u00e4ische Gesellschaft Deutsch-Franz\u00f6sischer Sprache f\u00fcr Gyn\u00e4kologie und Geburtshilfe\",\"description\":\"Die SELFAGO f\u00f6rdert den wissenschaftlichen Austausch und die Zusammenarbeit in Gyn\u00e4kologie und Geburtshilfe im deutsch-franz\u00f6sischen Raum und dar\u00fcber hinaus. Durch Netzwerke, Kongresse und Forschungsprojekte gestalten wir den internationalen Dialog aktiv mit.\",\"publisher\":{\"@id\":\"http:\/\/selfago.org\/fr\/#organization\"},\"potentialAction\":[{\"@type\":\"SearchAction\",\"target\":{\"@type\":\"EntryPoint\",\"urlTemplate\":\"http:\/\/selfago.org\/fr\/?s={search_term_string}\"},\"query-input\":{\"@type\":\"PropertyValueSpecification\",\"valueRequired\":true,\"valueName\":\"search_term_string\"}}],\"inLanguage\":\"fr-FR\"},{\"@type\":\"Organization\",\"@id\":\"http:\/\/selfago.org\/fr\/#organization\",\"name\":\"SELFAGO\",\"url\":\"http:\/\/selfago.org\/fr\/\",\"logo\":{\"@type\":\"ImageObject\",\"inLanguage\":\"fr-FR\",\"@id\":\"http:\/\/selfago.org\/fr\/#\/schema\/logo\/image\/\",\"url\":\"http:\/\/selfago.org\/wp-content\/uploads\/2025\/12\/cropped-Logo-Transparent-02-scaled-e1764783827390.png\",\"contentUrl\":\"http:\/\/selfago.org\/wp-content\/uploads\/2025\/12\/cropped-Logo-Transparent-02-scaled-e1764783827390.png\",\"width\":862,\"height\":865,\"caption\":\"SELFAGO\"},\"image\":{\"@id\":\"http:\/\/selfago.org\/fr\/#\/schema\/logo\/image\/\"}}]}<\/script>\n<!-- \/ Yoast SEO plugin. -->","yoast_head_json":{"title":"Objectifs - Europ\u00e4ische Gesellschaft Deutsch-Franz\u00f6sischer Sprache f\u00fcr Gyn\u00e4kologie und Geburtshilfe","robots":{"index":"index","follow":"follow","max-snippet":"max-snippet:-1","max-image-preview":"max-image-preview:large","max-video-preview":"max-video-preview:-1"},"canonical":"http:\/\/selfago.org\/fr\/objectifs\/","og_locale":"fr_FR","og_type":"article","og_title":"Objectifs - Europ\u00e4ische Gesellschaft Deutsch-Franz\u00f6sischer Sprache f\u00fcr Gyn\u00e4kologie und Geburtshilfe","og_description":"Objectifs \u00c9change professionnel et promotion de la rel\u00e8ve Ensemble pour la gyn\u00e9cologie et l&rsquo;obst\u00e9trique L&rsquo;objectif de notre soci\u00e9t\u00e9, initialement franco-allemande, puis europ\u00e9enne de langue franco-allemande pour la gyn\u00e9cologie et l&rsquo;obst\u00e9trique, a toujours \u00e9t\u00e9 de permettre un rapprochement des soci\u00e9t\u00e9s sp\u00e9cialis\u00e9es en gyn\u00e9cologie et obst\u00e9trique dans les diff\u00e9rents pays, afin de parvenir ainsi, sur le plan [&hellip;]","og_url":"http:\/\/selfago.org\/fr\/objectifs\/","og_site_name":"Europ\u00e4ische Gesellschaft Deutsch-Franz\u00f6sischer Sprache f\u00fcr Gyn\u00e4kologie und Geburtshilfe","article_modified_time":"2025-12-03T15:55:45+00:00","og_image":[{"url":"https:\/\/selfago.org\/wp-content\/uploads\/2025\/12\/Logo_SELFAGO_Bottom_256-150x150.png","type":"","width":"","height":""}],"twitter_card":"summary_large_image","twitter_misc":{"Dur\u00e9e de lecture estim\u00e9e":"2 minutes"},"schema":{"@context":"https:\/\/schema.org","@graph":[{"@type":"WebPage","@id":"http:\/\/selfago.org\/fr\/objectifs\/","url":"http:\/\/selfago.org\/fr\/objectifs\/","name":"Objectifs - Europ\u00e4ische Gesellschaft Deutsch-Franz\u00f6sischer Sprache f\u00fcr Gyn\u00e4kologie und Geburtshilfe","isPartOf":{"@id":"http:\/\/selfago.org\/fr\/#website"},"primaryImageOfPage":{"@id":"http:\/\/selfago.org\/fr\/objectifs\/#primaryimage"},"image":{"@id":"http:\/\/selfago.org\/fr\/objectifs\/#primaryimage"},"thumbnailUrl":"https:\/\/selfago.org\/wp-content\/uploads\/2025\/12\/Logo_SELFAGO_Bottom_256-150x150.png","datePublished":"2025-02-27T19:00:20+00:00","dateModified":"2025-12-03T15:55:45+00:00","breadcrumb":{"@id":"http:\/\/selfago.org\/fr\/objectifs\/#breadcrumb"},"inLanguage":"fr-FR","potentialAction":[{"@type":"ReadAction","target":["http:\/\/selfago.org\/fr\/objectifs\/"]}]},{"@type":"ImageObject","inLanguage":"fr-FR","@id":"http:\/\/selfago.org\/fr\/objectifs\/#primaryimage","url":"https:\/\/selfago.org\/wp-content\/uploads\/2025\/12\/Logo_SELFAGO_Bottom_256-150x150.png","contentUrl":"https:\/\/selfago.org\/wp-content\/uploads\/2025\/12\/Logo_SELFAGO_Bottom_256-150x150.png"},{"@type":"BreadcrumbList","@id":"http:\/\/selfago.org\/fr\/objectifs\/#breadcrumb","itemListElement":[{"@type":"ListItem","position":1,"name":"Startseite","item":"https:\/\/selfago.org\/fr\/"},{"@type":"ListItem","position":2,"name":"Objectifs"}]},{"@type":"WebSite","@id":"http:\/\/selfago.org\/fr\/#website","url":"http:\/\/selfago.org\/fr\/","name":"Europ\u00e4ische Gesellschaft Deutsch-Franz\u00f6sischer Sprache f\u00fcr Gyn\u00e4kologie und Geburtshilfe","description":"Die SELFAGO f\u00f6rdert den wissenschaftlichen Austausch und die Zusammenarbeit in Gyn\u00e4kologie und Geburtshilfe im deutsch-franz\u00f6sischen Raum und dar\u00fcber hinaus. Durch Netzwerke, Kongresse und Forschungsprojekte gestalten wir den internationalen Dialog aktiv mit.","publisher":{"@id":"http:\/\/selfago.org\/fr\/#organization"},"potentialAction":[{"@type":"SearchAction","target":{"@type":"EntryPoint","urlTemplate":"http:\/\/selfago.org\/fr\/?s={search_term_string}"},"query-input":{"@type":"PropertyValueSpecification","valueRequired":true,"valueName":"search_term_string"}}],"inLanguage":"fr-FR"},{"@type":"Organization","@id":"http:\/\/selfago.org\/fr\/#organization","name":"SELFAGO","url":"http:\/\/selfago.org\/fr\/","logo":{"@type":"ImageObject","inLanguage":"fr-FR","@id":"http:\/\/selfago.org\/fr\/#\/schema\/logo\/image\/","url":"http:\/\/selfago.org\/wp-content\/uploads\/2025\/12\/cropped-Logo-Transparent-02-scaled-e1764783827390.png","contentUrl":"http:\/\/selfago.org\/wp-content\/uploads\/2025\/12\/cropped-Logo-Transparent-02-scaled-e1764783827390.png","width":862,"height":865,"caption":"SELFAGO"},"image":{"@id":"http:\/\/selfago.org\/fr\/#\/schema\/logo\/image\/"}}]}},"rttpg_featured_image_url":null,"rttpg_author":{"display_name":"selfago","author_link":"http:\/\/selfago.org\/fr\/author\/selfago\/"},"rttpg_comment":0,"rttpg_category":false,"rttpg_excerpt":"Objectifs \u00c9change professionnel et promotion de la rel\u00e8ve Ensemble pour la gyn\u00e9cologie et l&rsquo;obst\u00e9trique L&rsquo;objectif de notre soci\u00e9t\u00e9, initialement franco-allemande, puis europ\u00e9enne de langue franco-allemande pour la gyn\u00e9cologie et l&rsquo;obst\u00e9trique, a toujours \u00e9t\u00e9 de permettre un rapprochement des soci\u00e9t\u00e9s sp\u00e9cialis\u00e9es en gyn\u00e9cologie et obst\u00e9trique dans les diff\u00e9rents pays, afin de parvenir ainsi, sur le plan\u2026","_links":{"self":[{"href":"http:\/\/selfago.org\/fr\/wp-json\/wp\/v2\/pages\/3712","targetHints":{"allow":["GET"]}}],"collection":[{"href":"http:\/\/selfago.org\/fr\/wp-json\/wp\/v2\/pages"}],"about":[{"href":"http:\/\/selfago.org\/fr\/wp-json\/wp\/v2\/types\/page"}],"author":[{"embeddable":true,"href":"http:\/\/selfago.org\/fr\/wp-json\/wp\/v2\/users\/1"}],"replies":[{"embeddable":true,"href":"http:\/\/selfago.org\/fr\/wp-json\/wp\/v2\/comments?post=3712"}],"version-history":[{"count":1,"href":"http:\/\/selfago.org\/fr\/wp-json\/wp\/v2\/pages\/3712\/revisions"}],"predecessor-version":[{"id":3714,"href":"http:\/\/selfago.org\/fr\/wp-json\/wp\/v2\/pages\/3712\/revisions\/3714"}],"wp:attachment":[{"href":"http:\/\/selfago.org\/fr\/wp-json\/wp\/v2\/media?parent=3712"}],"curies":[{"name":"wp","href":"https:\/\/api.w.org\/{rel}","templated":true}]}}