{"id":3826,"date":"2025-02-28T17:18:05","date_gmt":"2025-02-28T16:18:05","guid":{"rendered":"https:\/\/selfago.org\/imprint\/"},"modified":"2025-12-03T17:08:45","modified_gmt":"2025-12-03T16:08:45","slug":"imprint","status":"publish","type":"page","link":"http:\/\/selfago.org\/en\/imprint\/","title":{"rendered":"Imprint"},"content":{"rendered":"\t\t<div data-elementor-type=\"wp-page\" data-elementor-id=\"3826\" class=\"elementor elementor-3826 elementor-2094\">\n\t\t\t\t<div class=\"elementor-element elementor-element-zj91xty e-flex e-con-boxed e-con e-parent\" data-id=\"zj91xty\" data-element_type=\"container\" data-settings=\"{&quot;background_background&quot;:&quot;classic&quot;}\">\n\t\t\t\t\t<div class=\"e-con-inner\">\n\t\t<div class=\"elementor-element elementor-element-c104332 e-con-full e-flex e-con e-child\" data-id=\"c104332\" data-element_type=\"container\">\n\t\t\t\t<div class=\"elementor-element elementor-element-25e01e3 elementor-widget elementor-widget-heading\" data-id=\"25e01e3\" data-element_type=\"widget\" data-widget_type=\"heading.default\">\n\t\t\t\t<div class=\"elementor-widget-container\">\n\t\t\t\t\t<h1 class=\"elementor-heading-title elementor-size-default\">Imprint<\/h1>\t\t\t\t<\/div>\n\t\t\t\t<\/div>\n\t\t\t\t<\/div>\n\t\t\t\t\t<\/div>\n\t\t\t\t<\/div>\n\t\t<div class=\"elementor-element elementor-element-9420951 e-flex e-con-boxed e-con e-parent\" data-id=\"9420951\" data-element_type=\"container\">\n\t\t\t\t\t<div class=\"e-con-inner\">\n\t\t\t\t<div class=\"elementor-element elementor-element-9ea1526 elementor-widget elementor-widget-heading\" data-id=\"9ea1526\" data-element_type=\"widget\" data-widget_type=\"heading.default\">\n\t\t\t\t<div class=\"elementor-widget-container\">\n\t\t\t\t\t<h2 class=\"elementor-heading-title elementor-size-default\">Imprint<\/h2>\t\t\t\t<\/div>\n\t\t\t\t<\/div>\n\t\t\t\t<div class=\"elementor-element elementor-element-2df0f2a elementor-widget elementor-widget-text-editor\" data-id=\"2df0f2a\" data-element_type=\"widget\" data-widget_type=\"text-editor.default\">\n\t\t\t\t<div class=\"elementor-widget-container\">\n\t\t\t\t\t\t\t\t\t<p><strong>European Society for German-French Language in Gynecology and Obstetrics, registered association<\/strong><br>As of: January 2025<\/p><p> <\/p><p><strong>District Court:<\/strong> Kiel<\/p><p><br><strong>Registration Number:<\/strong> [Insert Number]<\/p><p> <\/p><p><strong>Website Publisher:<\/strong><br>European Society for German-French Language in Gynecology and Obstetrics, registered association<\/p><p> <\/p><p><strong>Authorized representative under \u00a7 6 Telemedia Act:<\/strong><br>President of the European Society for German-French Language in Gynecology and Obstetrics, registered association<br>Prof. Dr. Walther Kuhn<br>Department of Gynecology and Obstetrics<br>DONAUISAR Klinikum Deggendorf, University Medical Campus Lower Bavaria<br>Perlasberger Street 41<br>94469 Deggendorf<br>Email: <a>sek.frauenklinik.deg@donau-isar-klinikum.de<\/a> <\/p><p> <\/p><p><strong>Responsible for Data Protection:<\/strong><br>Data Protection Officer of the European Society for German-French Language in Gynecology and Obstetrics, registered association<br>Email: <a>sek.frauenklinik.deg@donau-isar-klinikum.de<\/a><\/p><p> <\/p><p><strong>Disclaimer:<\/strong><br>The content of this website has been created with the utmost care. However, no liability is assumed for the accuracy, completeness, or timeliness of the content. <\/p><p> <\/p><p><strong>Google Analytics:<\/strong><br>This website uses Google Analytics, a web analytics service provided by Google Inc. Google Analytics uses so-called &#8220;cookies&#8221;, which are stored on your computer and enable an analysis of your use of this website. The information generated by the cookie about your use of this website (including your IP address) is transmitted to a Google server in the USA and stored there. Google will use this information to evaluate your use of the website, to compile reports on website activities for website operators, and to provide other services related to website use. You can prevent the installation of cookies by adjusting your browser software settings; however, we would like to point out that in this case, you may not be able to fully use all functions of this website.    <\/p><p> <\/p><p><strong>Privacy Policy:<\/strong><br>Further information on data protection can be found in our <a href=\"https:\/\/selfago.org\/datenschutz\/\"><strong>Privacy Policy<\/strong><\/a>.<\/p>\t\t\t\t\t\t\t\t<\/div>\n\t\t\t\t<\/div>\n\t\t\t\t\t<\/div>\n\t\t\t\t<\/div>\n\t\t\t\t<\/div>\n\t\t","protected":false},"excerpt":{"rendered":"<p>Imprint Imprint European Society for German-French Language in Gynecology and Obstetrics, registered associationAs of: January 2025 District Court: Kiel Registration Number: [Insert Number] Website Publisher:European Society for German-French Language in Gynecology and Obstetrics, registered association Authorized representative under \u00a7 6 Telemedia Act:President of the European Society for German-French Language in Gynecology and Obstetrics, registered associationProf. [&hellip;]<\/p>\n","protected":false},"author":1,"featured_media":0,"parent":0,"menu_order":0,"comment_status":"closed","ping_status":"closed","template":"","meta":{"site-sidebar-layout":"no-sidebar","site-content-layout":"page-builder","ast-site-content-layout":"full-width-container","site-content-style":"default","site-sidebar-style":"default","ast-global-header-display":"","ast-banner-title-visibility":"","ast-main-header-display":"","ast-hfb-above-header-display":"","ast-hfb-below-header-display":"","ast-hfb-mobile-header-display":"","site-post-title":"disabled","ast-breadcrumbs-content":"","ast-featured-img":"disabled","footer-sml-layout":"","theme-transparent-header-meta":"default","adv-header-id-meta":"","stick-header-meta":"","header-above-stick-meta":"","header-main-stick-meta":"","header-below-stick-meta":"","astra-migrate-meta-layouts":"default","ast-page-background-enabled":"default","ast-page-background-meta":{"desktop":{"background-color":"var(--ast-global-color-4)","background-image":"","background-repeat":"repeat","background-position":"center center","background-size":"auto","background-attachment":"scroll","background-type":"","background-media":"","overlay-type":"","overlay-color":"","overlay-opacity":"","overlay-gradient":""},"tablet":{"background-color":"","background-image":"","background-repeat":"repeat","background-position":"center center","background-size":"auto","background-attachment":"scroll","background-type":"","background-media":"","overlay-type":"","overlay-color":"","overlay-opacity":"","overlay-gradient":""},"mobile":{"background-color":"","background-image":"","background-repeat":"repeat","background-position":"center center","background-size":"auto","background-attachment":"scroll","background-type":"","background-media":"","overlay-type":"","overlay-color":"","overlay-opacity":"","overlay-gradient":""}},"ast-content-background-meta":{"desktop":{"background-color":"var(--ast-global-color-5)","background-image":"","background-repeat":"repeat","background-position":"center center","background-size":"auto","background-attachment":"scroll","background-type":"","background-media":"","overlay-type":"","overlay-color":"","overlay-opacity":"","overlay-gradient":""},"tablet":{"background-color":"var(--ast-global-color-5)","background-image":"","background-repeat":"repeat","background-position":"center center","background-size":"auto","background-attachment":"scroll","background-type":"","background-media":"","overlay-type":"","overlay-color":"","overlay-opacity":"","overlay-gradient":""},"mobile":{"background-color":"var(--ast-global-color-5)","background-image":"","background-repeat":"repeat","background-position":"center center","background-size":"auto","background-attachment":"scroll","background-type":"","background-media":"","overlay-type":"","overlay-color":"","overlay-opacity":"","overlay-gradient":""}},"footnotes":""},"class_list":["post-3826","page","type-page","status-publish","hentry"],"yoast_head":"<!-- This site is optimized with the Yoast SEO plugin v24.7 - https:\/\/yoast.com\/wordpress\/plugins\/seo\/ -->\n<title>Imprint - Europ\u00e4ische Gesellschaft Deutsch-Franz\u00f6sischer Sprache f\u00fcr Gyn\u00e4kologie und Geburtshilfe<\/title>\n<meta name=\"robots\" content=\"index, follow, max-snippet:-1, max-image-preview:large, max-video-preview:-1\" \/>\n<link rel=\"canonical\" href=\"http:\/\/selfago.org\/en\/imprint\/\" \/>\n<meta property=\"og:locale\" content=\"en_US\" \/>\n<meta property=\"og:type\" content=\"article\" \/>\n<meta property=\"og:title\" content=\"Imprint - Europ\u00e4ische Gesellschaft Deutsch-Franz\u00f6sischer Sprache f\u00fcr Gyn\u00e4kologie und Geburtshilfe\" \/>\n<meta property=\"og:description\" content=\"Imprint Imprint European Society for German-French Language in Gynecology and Obstetrics, registered associationAs of: January 2025 District Court: Kiel Registration Number: [Insert Number] Website Publisher:European Society for German-French Language in Gynecology and Obstetrics, registered association Authorized representative under \u00a7 6 Telemedia Act:President of the European Society for German-French Language in Gynecology and Obstetrics, registered associationProf. [&hellip;]\" \/>\n<meta property=\"og:url\" content=\"http:\/\/selfago.org\/en\/imprint\/\" \/>\n<meta property=\"og:site_name\" content=\"Europ\u00e4ische Gesellschaft Deutsch-Franz\u00f6sischer Sprache f\u00fcr Gyn\u00e4kologie und Geburtshilfe\" \/>\n<meta property=\"article:modified_time\" content=\"2025-12-03T16:08:45+00:00\" \/>\n<meta name=\"twitter:card\" content=\"summary_large_image\" \/>\n<meta name=\"twitter:label1\" content=\"Est. reading time\" \/>\n\t<meta name=\"twitter:data1\" content=\"1 minute\" \/>\n<script type=\"application\/ld+json\" class=\"yoast-schema-graph\">{\"@context\":\"https:\/\/schema.org\",\"@graph\":[{\"@type\":\"WebPage\",\"@id\":\"http:\/\/selfago.org\/en\/imprint\/\",\"url\":\"http:\/\/selfago.org\/en\/imprint\/\",\"name\":\"Imprint - Europ\u00e4ische Gesellschaft Deutsch-Franz\u00f6sischer Sprache f\u00fcr Gyn\u00e4kologie und Geburtshilfe\",\"isPartOf\":{\"@id\":\"http:\/\/selfago.org\/en\/#website\"},\"datePublished\":\"2025-02-28T16:18:05+00:00\",\"dateModified\":\"2025-12-03T16:08:45+00:00\",\"breadcrumb\":{\"@id\":\"http:\/\/selfago.org\/en\/imprint\/#breadcrumb\"},\"inLanguage\":\"en-US\",\"potentialAction\":[{\"@type\":\"ReadAction\",\"target\":[\"http:\/\/selfago.org\/en\/imprint\/\"]}]},{\"@type\":\"BreadcrumbList\",\"@id\":\"http:\/\/selfago.org\/en\/imprint\/#breadcrumb\",\"itemListElement\":[{\"@type\":\"ListItem\",\"position\":1,\"name\":\"Startseite\",\"item\":\"http:\/\/selfago.org\/en\/\"},{\"@type\":\"ListItem\",\"position\":2,\"name\":\"Imprint\"}]},{\"@type\":\"WebSite\",\"@id\":\"http:\/\/selfago.org\/en\/#website\",\"url\":\"http:\/\/selfago.org\/en\/\",\"name\":\"Europ\u00e4ische Gesellschaft Deutsch-Franz\u00f6sischer Sprache f\u00fcr Gyn\u00e4kologie und Geburtshilfe\",\"description\":\"Die SELFAGO f\u00f6rdert den wissenschaftlichen Austausch und die Zusammenarbeit in Gyn\u00e4kologie und Geburtshilfe im deutsch-franz\u00f6sischen Raum und dar\u00fcber hinaus. Durch Netzwerke, Kongresse und Forschungsprojekte gestalten wir den internationalen Dialog aktiv mit.\",\"publisher\":{\"@id\":\"http:\/\/selfago.org\/en\/#organization\"},\"potentialAction\":[{\"@type\":\"SearchAction\",\"target\":{\"@type\":\"EntryPoint\",\"urlTemplate\":\"http:\/\/selfago.org\/en\/?s={search_term_string}\"},\"query-input\":{\"@type\":\"PropertyValueSpecification\",\"valueRequired\":true,\"valueName\":\"search_term_string\"}}],\"inLanguage\":\"en-US\"},{\"@type\":\"Organization\",\"@id\":\"http:\/\/selfago.org\/en\/#organization\",\"name\":\"SELFAGO\",\"url\":\"http:\/\/selfago.org\/en\/\",\"logo\":{\"@type\":\"ImageObject\",\"inLanguage\":\"en-US\",\"@id\":\"http:\/\/selfago.org\/en\/#\/schema\/logo\/image\/\",\"url\":\"http:\/\/selfago.org\/wp-content\/uploads\/2025\/12\/cropped-Logo-Transparent-02-scaled-e1764783827390.png\",\"contentUrl\":\"http:\/\/selfago.org\/wp-content\/uploads\/2025\/12\/cropped-Logo-Transparent-02-scaled-e1764783827390.png\",\"width\":862,\"height\":865,\"caption\":\"SELFAGO\"},\"image\":{\"@id\":\"http:\/\/selfago.org\/en\/#\/schema\/logo\/image\/\"}}]}<\/script>\n<!-- \/ Yoast SEO plugin. -->","yoast_head_json":{"title":"Imprint - Europ\u00e4ische Gesellschaft Deutsch-Franz\u00f6sischer Sprache f\u00fcr Gyn\u00e4kologie und Geburtshilfe","robots":{"index":"index","follow":"follow","max-snippet":"max-snippet:-1","max-image-preview":"max-image-preview:large","max-video-preview":"max-video-preview:-1"},"canonical":"http:\/\/selfago.org\/en\/imprint\/","og_locale":"en_US","og_type":"article","og_title":"Imprint - Europ\u00e4ische Gesellschaft Deutsch-Franz\u00f6sischer Sprache f\u00fcr Gyn\u00e4kologie und Geburtshilfe","og_description":"Imprint Imprint European Society for German-French Language in Gynecology and Obstetrics, registered associationAs of: January 2025 District Court: Kiel Registration Number: [Insert Number] Website Publisher:European Society for German-French Language in Gynecology and Obstetrics, registered association Authorized representative under \u00a7 6 Telemedia Act:President of the European Society for German-French Language in Gynecology and Obstetrics, registered associationProf. [&hellip;]","og_url":"http:\/\/selfago.org\/en\/imprint\/","og_site_name":"Europ\u00e4ische Gesellschaft Deutsch-Franz\u00f6sischer Sprache f\u00fcr Gyn\u00e4kologie und Geburtshilfe","article_modified_time":"2025-12-03T16:08:45+00:00","twitter_card":"summary_large_image","twitter_misc":{"Est. reading time":"1 minute"},"schema":{"@context":"https:\/\/schema.org","@graph":[{"@type":"WebPage","@id":"http:\/\/selfago.org\/en\/imprint\/","url":"http:\/\/selfago.org\/en\/imprint\/","name":"Imprint - Europ\u00e4ische Gesellschaft Deutsch-Franz\u00f6sischer Sprache f\u00fcr Gyn\u00e4kologie und Geburtshilfe","isPartOf":{"@id":"http:\/\/selfago.org\/en\/#website"},"datePublished":"2025-02-28T16:18:05+00:00","dateModified":"2025-12-03T16:08:45+00:00","breadcrumb":{"@id":"http:\/\/selfago.org\/en\/imprint\/#breadcrumb"},"inLanguage":"en-US","potentialAction":[{"@type":"ReadAction","target":["http:\/\/selfago.org\/en\/imprint\/"]}]},{"@type":"BreadcrumbList","@id":"http:\/\/selfago.org\/en\/imprint\/#breadcrumb","itemListElement":[{"@type":"ListItem","position":1,"name":"Startseite","item":"http:\/\/selfago.org\/en\/"},{"@type":"ListItem","position":2,"name":"Imprint"}]},{"@type":"WebSite","@id":"http:\/\/selfago.org\/en\/#website","url":"http:\/\/selfago.org\/en\/","name":"Europ\u00e4ische Gesellschaft Deutsch-Franz\u00f6sischer Sprache f\u00fcr Gyn\u00e4kologie und Geburtshilfe","description":"Die SELFAGO f\u00f6rdert den wissenschaftlichen Austausch und die Zusammenarbeit in Gyn\u00e4kologie und Geburtshilfe im deutsch-franz\u00f6sischen Raum und dar\u00fcber hinaus. Durch Netzwerke, Kongresse und Forschungsprojekte gestalten wir den internationalen Dialog aktiv mit.","publisher":{"@id":"http:\/\/selfago.org\/en\/#organization"},"potentialAction":[{"@type":"SearchAction","target":{"@type":"EntryPoint","urlTemplate":"http:\/\/selfago.org\/en\/?s={search_term_string}"},"query-input":{"@type":"PropertyValueSpecification","valueRequired":true,"valueName":"search_term_string"}}],"inLanguage":"en-US"},{"@type":"Organization","@id":"http:\/\/selfago.org\/en\/#organization","name":"SELFAGO","url":"http:\/\/selfago.org\/en\/","logo":{"@type":"ImageObject","inLanguage":"en-US","@id":"http:\/\/selfago.org\/en\/#\/schema\/logo\/image\/","url":"http:\/\/selfago.org\/wp-content\/uploads\/2025\/12\/cropped-Logo-Transparent-02-scaled-e1764783827390.png","contentUrl":"http:\/\/selfago.org\/wp-content\/uploads\/2025\/12\/cropped-Logo-Transparent-02-scaled-e1764783827390.png","width":862,"height":865,"caption":"SELFAGO"},"image":{"@id":"http:\/\/selfago.org\/en\/#\/schema\/logo\/image\/"}}]}},"rttpg_featured_image_url":null,"rttpg_author":{"display_name":"selfago","author_link":"http:\/\/selfago.org\/en\/author\/selfago\/"},"rttpg_comment":0,"rttpg_category":false,"rttpg_excerpt":"Imprint Imprint European Society for German-French Language in Gynecology and Obstetrics, registered associationAs of: January 2025 District Court: Kiel Registration Number: [Insert Number] Website Publisher:European Society for German-French Language in Gynecology and Obstetrics, registered association Authorized representative under \u00a7 6 Telemedia Act:President of the European Society for German-French Language in Gynecology and Obstetrics, registered associationProf.&hellip;","_links":{"self":[{"href":"http:\/\/selfago.org\/en\/wp-json\/wp\/v2\/pages\/3826","targetHints":{"allow":["GET"]}}],"collection":[{"href":"http:\/\/selfago.org\/en\/wp-json\/wp\/v2\/pages"}],"about":[{"href":"http:\/\/selfago.org\/en\/wp-json\/wp\/v2\/types\/page"}],"author":[{"embeddable":true,"href":"http:\/\/selfago.org\/en\/wp-json\/wp\/v2\/users\/1"}],"replies":[{"embeddable":true,"href":"http:\/\/selfago.org\/en\/wp-json\/wp\/v2\/comments?post=3826"}],"version-history":[{"count":1,"href":"http:\/\/selfago.org\/en\/wp-json\/wp\/v2\/pages\/3826\/revisions"}],"predecessor-version":[{"id":3827,"href":"http:\/\/selfago.org\/en\/wp-json\/wp\/v2\/pages\/3826\/revisions\/3827"}],"wp:attachment":[{"href":"http:\/\/selfago.org\/en\/wp-json\/wp\/v2\/media?parent=3826"}],"curies":[{"name":"wp","href":"https:\/\/api.w.org\/{rel}","templated":true}]}}