{"id":3709,"date":"2025-02-27T20:00:20","date_gmt":"2025-02-27T19:00:20","guid":{"rendered":"https:\/\/selfago.org\/objectives\/"},"modified":"2025-12-03T16:54:26","modified_gmt":"2025-12-03T15:54:26","slug":"objectives","status":"publish","type":"page","link":"http:\/\/selfago.org\/en\/objectives\/","title":{"rendered":"Objectives"},"content":{"rendered":"\t\t<div data-elementor-type=\"wp-page\" data-elementor-id=\"3709\" class=\"elementor elementor-3709 elementor-14\">\n\t\t\t\t<div class=\"elementor-element elementor-element-4094ee7 e-flex e-con-boxed e-con e-parent\" data-id=\"4094ee7\" data-element_type=\"container\" data-settings=\"{&quot;background_background&quot;:&quot;classic&quot;}\">\n\t\t\t\t\t<div class=\"e-con-inner\">\n\t\t<div class=\"elementor-element elementor-element-8695738 e-con-full e-flex e-con e-child\" data-id=\"8695738\" data-element_type=\"container\">\n\t\t\t\t<div class=\"elementor-element elementor-element-2646c9c elementor-widget elementor-widget-heading\" data-id=\"2646c9c\" data-element_type=\"widget\" data-widget_type=\"heading.default\">\n\t\t\t\t<div class=\"elementor-widget-container\">\n\t\t\t\t\t<h1 class=\"elementor-heading-title elementor-size-default\">Objectives<\/h1>\t\t\t\t<\/div>\n\t\t\t\t<\/div>\n\t\t\t\t<\/div>\n\t\t\t\t\t<\/div>\n\t\t\t\t<\/div>\n\t\t\t\t<section class=\"elementor-section elementor-top-section elementor-element elementor-element-9khg8cc elementor-section-content-top elementor-section-boxed elementor-section-height-default elementor-section-height-default\" data-id=\"9khg8cc\" data-element_type=\"section\" data-settings=\"{&quot;background_background&quot;:&quot;classic&quot;}\">\n\t\t\t\t\t\t\t<div class=\"elementor-background-overlay\"><\/div>\n\t\t\t\t\t\t\t<div class=\"elementor-container elementor-column-gap-no\">\n\t\t\t\t\t<div class=\"elementor-column elementor-col-50 elementor-top-column elementor-element elementor-element-233a7da\" data-id=\"233a7da\" data-element_type=\"column\">\n\t\t\t<div class=\"elementor-widget-wrap elementor-element-populated\">\n\t\t\t\t\t\t<div class=\"elementor-element elementor-element-064b7e8 elementor-widget elementor-widget-heading\" data-id=\"064b7e8\" data-element_type=\"widget\" data-widget_type=\"heading.default\">\n\t\t\t\t<div class=\"elementor-widget-container\">\n\t\t\t\t\t<h5 class=\"elementor-heading-title elementor-size-default\">Professional exchange and promotion of young talent<\/h5>\t\t\t\t<\/div>\n\t\t\t\t<\/div>\n\t\t\t\t<div class=\"elementor-element elementor-element-baf6b33 elementor-widget elementor-widget-heading\" data-id=\"baf6b33\" data-element_type=\"widget\" data-widget_type=\"heading.default\">\n\t\t\t\t<div class=\"elementor-widget-container\">\n\t\t\t\t\t<h2 class=\"elementor-heading-title elementor-size-default\">Together for Gynecology and Obstetrics<\/h2>\t\t\t\t<\/div>\n\t\t\t\t<\/div>\n\t\t\t\t\t<\/div>\n\t\t<\/div>\n\t\t\t\t<div class=\"elementor-column elementor-col-50 elementor-top-column elementor-element elementor-element-d4838ed\" data-id=\"d4838ed\" data-element_type=\"column\">\n\t\t\t<div class=\"elementor-widget-wrap elementor-element-populated\">\n\t\t\t\t\t\t<div class=\"elementor-element elementor-element-ff6ba89 elementor-widget elementor-widget-text-editor\" data-id=\"ff6ba89\" data-element_type=\"widget\" data-widget_type=\"text-editor.default\">\n\t\t\t\t<div class=\"elementor-widget-container\">\n\t\t\t\t\t\t\t\t\t<div>\n<p>The objective of our society, initially as a German-French, later as a European Society of German-French Language for Gynecology and Obstetrics, has always been to enable an approximation of the professional societies for gynecology and obstetrics in the individual countries, in order to achieve a cohesion that is profitable for all participants on a professional and, in particular, on a personal level. At numerous national and international congresses, some of which were led by our society, members from the professional societies were able to present their data, which were repeatedly published in international, listed &#8220;journals&#8221;. This development is to be continued, in particular the younger colleagues are given the opportunity to present their data at the scientific sessions and to represent them in the discussions with the auditorium. It is a major concern of our society to promote and strengthen young talent. In this way, intensive seminars are planned in changing European cities, in which, after keynote lectures given by experts, the young scientists are to enter into scientific discourse. At the same time, there will be enough time to get closer to the special features of the respective, attractive cities, which Europe truly has in abundance (the details about these seminars will be listed under   <span class=\"apple-converted-space\">&nbsp;<\/span><strong><a href=\"https:\/\/selfago.org\/aktuelles\/\">News<\/a><\/strong><span class=\"apple-converted-space\">&nbsp;<\/span>listed).<\/p>\n<\/div>\n<div>\n<p>The previous experiences have shown that the projects of our society can be very enriching for all participants, both under professional but also cultural and personal aspects. We would therefore be extremely grateful for the support of the European Society of German French Language for Gynecology and Obstetrics.&nbsp;<\/p>\n<\/div>\t\t\t\t\t\t\t\t<\/div>\n\t\t\t\t<\/div>\n\t\t\t\t\t<\/div>\n\t\t<\/div>\n\t\t\t\t\t<\/div>\n\t\t<\/section>\n\t\t<div class=\"elementor-element elementor-element-2b8719b e-flex e-con-boxed e-con e-parent\" data-id=\"2b8719b\" data-element_type=\"container\" data-settings=\"{&quot;background_background&quot;:&quot;classic&quot;}\">\n\t\t\t\t\t<div class=\"e-con-inner\">\n\t\t<div class=\"elementor-element elementor-element-63d5bf2 e-con-full e-flex e-con e-child\" data-id=\"63d5bf2\" data-element_type=\"container\">\n\t\t\t\t<div class=\"elementor-element elementor-element-0d8152f elementor-widget elementor-widget-image\" data-id=\"0d8152f\" data-element_type=\"widget\" data-widget_type=\"image.default\">\n\t\t\t\t<div class=\"elementor-widget-container\">\n\t\t\t\t\t\t\t\t\t\t\t\t\t\t\t<img decoding=\"async\" width=\"150\" height=\"150\" src=\"http:\/\/selfago.org\/wp-content\/uploads\/2025\/12\/Logo_SELFAGO_Bottom_256-150x150.png\" class=\"attachment-thumbnail size-thumbnail wp-image-3649\" alt=\"\" \/>\t\t\t\t\t\t\t\t\t\t\t\t\t\t\t<\/div>\n\t\t\t\t<\/div>\n\t\t\t\t<div class=\"elementor-element elementor-element-cc480a2 elementor-widget elementor-widget-heading\" data-id=\"cc480a2\" data-element_type=\"widget\" data-widget_type=\"heading.default\">\n\t\t\t\t<div class=\"elementor-widget-container\">\n\t\t\t\t\t<h2 class=\"elementor-heading-title elementor-size-default\">Contact Us<\/h2>\t\t\t\t<\/div>\n\t\t\t\t<\/div>\n\t\t\t\t<div class=\"elementor-element elementor-element-bb8f441 elementor-widget elementor-widget-text-editor\" data-id=\"bb8f441\" data-element_type=\"widget\" data-widget_type=\"text-editor.default\">\n\t\t\t\t<div class=\"elementor-widget-container\">\n\t\t\t\t\t\t\t\t\t<p>Do you have any questions? We are grateful for all your inquiries and will be happy to answer them \u2013 whether about membership, our society, or other concerns. <\/p>\t\t\t\t\t\t\t\t<\/div>\n\t\t\t\t<\/div>\n\t\t\t\t<div class=\"elementor-element elementor-element-dc0d412 elementor-align-center elementor-widget__width-inherit elementor-widget elementor-widget-button\" data-id=\"dc0d412\" data-element_type=\"widget\" data-widget_type=\"button.default\">\n\t\t\t\t<div class=\"elementor-widget-container\">\n\t\t\t\t\t\t\t\t\t<div class=\"elementor-button-wrapper\">\n\t\t\t\t\t<a class=\"elementor-button elementor-button-link elementor-size-sm\" href=\"https:\/\/selfago.org\/kontakt\/\">\n\t\t\t\t\t\t<span class=\"elementor-button-content-wrapper\">\n\t\t\t\t\t\t\t\t\t<span class=\"elementor-button-text\">Contact<\/span>\n\t\t\t\t\t<\/span>\n\t\t\t\t\t<\/a>\n\t\t\t\t<\/div>\n\t\t\t\t\t\t\t\t<\/div>\n\t\t\t\t<\/div>\n\t\t\t\t<\/div>\n\t\t\t\t\t<\/div>\n\t\t\t\t<\/div>\n\t\t\t\t<\/div>\n\t\t","protected":false},"excerpt":{"rendered":"<p>Objectives Professional exchange and promotion of young talent Together for Gynecology and Obstetrics The objective of our society, initially as a German-French, later as a European Society of German-French Language for Gynecology and Obstetrics, has always been to enable an approximation of the professional societies for gynecology and obstetrics in the individual countries, in order [&hellip;]<\/p>\n","protected":false},"author":1,"featured_media":0,"parent":0,"menu_order":0,"comment_status":"closed","ping_status":"closed","template":"","meta":{"site-sidebar-layout":"no-sidebar","site-content-layout":"page-builder","ast-site-content-layout":"full-width-container","site-content-style":"unboxed","site-sidebar-style":"unboxed","ast-global-header-display":"","ast-banner-title-visibility":"","ast-main-header-display":"","ast-hfb-above-header-display":"","ast-hfb-below-header-display":"","ast-hfb-mobile-header-display":"","site-post-title":"disabled","ast-breadcrumbs-content":"","ast-featured-img":"disabled","footer-sml-layout":"","theme-transparent-header-meta":"enabled","adv-header-id-meta":"","stick-header-meta":"","header-above-stick-meta":"","header-main-stick-meta":"","header-below-stick-meta":"","astra-migrate-meta-layouts":"default","ast-page-background-enabled":"default","ast-page-background-meta":{"desktop":{"background-color":"var(--ast-global-color-4)","background-image":"","background-repeat":"repeat","background-position":"center center","background-size":"auto","background-attachment":"scroll","background-type":"","background-media":"","overlay-type":"","overlay-color":"","overlay-opacity":"","overlay-gradient":""},"tablet":{"background-color":"","background-image":"","background-repeat":"repeat","background-position":"center center","background-size":"auto","background-attachment":"scroll","background-type":"","background-media":"","overlay-type":"","overlay-color":"","overlay-opacity":"","overlay-gradient":""},"mobile":{"background-color":"","background-image":"","background-repeat":"repeat","background-position":"center center","background-size":"auto","background-attachment":"scroll","background-type":"","background-media":"","overlay-type":"","overlay-color":"","overlay-opacity":"","overlay-gradient":""}},"ast-content-background-meta":{"desktop":{"background-color":"var(--ast-global-color-5)","background-image":"","background-repeat":"repeat","background-position":"center center","background-size":"auto","background-attachment":"scroll","background-type":"","background-media":"","overlay-type":"","overlay-color":"","overlay-opacity":"","overlay-gradient":""},"tablet":{"background-color":"var(--ast-global-color-5)","background-image":"","background-repeat":"repeat","background-position":"center center","background-size":"auto","background-attachment":"scroll","background-type":"","background-media":"","overlay-type":"","overlay-color":"","overlay-opacity":"","overlay-gradient":""},"mobile":{"background-color":"var(--ast-global-color-5)","background-image":"","background-repeat":"repeat","background-position":"center center","background-size":"auto","background-attachment":"scroll","background-type":"","background-media":"","overlay-type":"","overlay-color":"","overlay-opacity":"","overlay-gradient":""}},"footnotes":""},"class_list":["post-3709","page","type-page","status-publish","hentry"],"yoast_head":"<!-- This site is optimized with the Yoast SEO plugin v24.7 - https:\/\/yoast.com\/wordpress\/plugins\/seo\/ -->\n<title>Objectives - Europ\u00e4ische Gesellschaft Deutsch-Franz\u00f6sischer Sprache f\u00fcr Gyn\u00e4kologie und Geburtshilfe<\/title>\n<meta name=\"robots\" content=\"index, follow, max-snippet:-1, max-image-preview:large, max-video-preview:-1\" \/>\n<link rel=\"canonical\" href=\"http:\/\/selfago.org\/en\/objectives\/\" \/>\n<meta property=\"og:locale\" content=\"en_US\" \/>\n<meta property=\"og:type\" content=\"article\" \/>\n<meta property=\"og:title\" content=\"Objectives - Europ\u00e4ische Gesellschaft Deutsch-Franz\u00f6sischer Sprache f\u00fcr Gyn\u00e4kologie und Geburtshilfe\" \/>\n<meta property=\"og:description\" content=\"Objectives Professional exchange and promotion of young talent Together for Gynecology and Obstetrics The objective of our society, initially as a German-French, later as a European Society of German-French Language for Gynecology and Obstetrics, has always been to enable an approximation of the professional societies for gynecology and obstetrics in the individual countries, in order [&hellip;]\" \/>\n<meta property=\"og:url\" content=\"http:\/\/selfago.org\/en\/objectives\/\" \/>\n<meta property=\"og:site_name\" content=\"Europ\u00e4ische Gesellschaft Deutsch-Franz\u00f6sischer Sprache f\u00fcr Gyn\u00e4kologie und Geburtshilfe\" \/>\n<meta property=\"article:modified_time\" content=\"2025-12-03T15:54:26+00:00\" \/>\n<meta property=\"og:image\" content=\"https:\/\/selfago.org\/wp-content\/uploads\/2025\/12\/Logo_SELFAGO_Bottom_256-150x150.png\" \/>\n<meta name=\"twitter:card\" content=\"summary_large_image\" \/>\n<meta name=\"twitter:label1\" content=\"Est. reading time\" \/>\n\t<meta name=\"twitter:data1\" content=\"2 minutes\" \/>\n<script type=\"application\/ld+json\" class=\"yoast-schema-graph\">{\"@context\":\"https:\/\/schema.org\",\"@graph\":[{\"@type\":\"WebPage\",\"@id\":\"http:\/\/selfago.org\/en\/objectives\/\",\"url\":\"http:\/\/selfago.org\/en\/objectives\/\",\"name\":\"Objectives - Europ\u00e4ische Gesellschaft Deutsch-Franz\u00f6sischer Sprache f\u00fcr Gyn\u00e4kologie und Geburtshilfe\",\"isPartOf\":{\"@id\":\"http:\/\/selfago.org\/en\/#website\"},\"primaryImageOfPage\":{\"@id\":\"http:\/\/selfago.org\/en\/objectives\/#primaryimage\"},\"image\":{\"@id\":\"http:\/\/selfago.org\/en\/objectives\/#primaryimage\"},\"thumbnailUrl\":\"https:\/\/selfago.org\/wp-content\/uploads\/2025\/12\/Logo_SELFAGO_Bottom_256-150x150.png\",\"datePublished\":\"2025-02-27T19:00:20+00:00\",\"dateModified\":\"2025-12-03T15:54:26+00:00\",\"breadcrumb\":{\"@id\":\"http:\/\/selfago.org\/en\/objectives\/#breadcrumb\"},\"inLanguage\":\"en-US\",\"potentialAction\":[{\"@type\":\"ReadAction\",\"target\":[\"http:\/\/selfago.org\/en\/objectives\/\"]}]},{\"@type\":\"ImageObject\",\"inLanguage\":\"en-US\",\"@id\":\"http:\/\/selfago.org\/en\/objectives\/#primaryimage\",\"url\":\"https:\/\/selfago.org\/wp-content\/uploads\/2025\/12\/Logo_SELFAGO_Bottom_256-150x150.png\",\"contentUrl\":\"https:\/\/selfago.org\/wp-content\/uploads\/2025\/12\/Logo_SELFAGO_Bottom_256-150x150.png\"},{\"@type\":\"BreadcrumbList\",\"@id\":\"http:\/\/selfago.org\/en\/objectives\/#breadcrumb\",\"itemListElement\":[{\"@type\":\"ListItem\",\"position\":1,\"name\":\"Startseite\",\"item\":\"http:\/\/selfago.org\/en\/\"},{\"@type\":\"ListItem\",\"position\":2,\"name\":\"Objectives\"}]},{\"@type\":\"WebSite\",\"@id\":\"http:\/\/selfago.org\/en\/#website\",\"url\":\"http:\/\/selfago.org\/en\/\",\"name\":\"Europ\u00e4ische Gesellschaft Deutsch-Franz\u00f6sischer Sprache f\u00fcr Gyn\u00e4kologie und Geburtshilfe\",\"description\":\"Die SELFAGO f\u00f6rdert den wissenschaftlichen Austausch und die Zusammenarbeit in Gyn\u00e4kologie und Geburtshilfe im deutsch-franz\u00f6sischen Raum und dar\u00fcber hinaus. Durch Netzwerke, Kongresse und Forschungsprojekte gestalten wir den internationalen Dialog aktiv mit.\",\"publisher\":{\"@id\":\"http:\/\/selfago.org\/en\/#organization\"},\"potentialAction\":[{\"@type\":\"SearchAction\",\"target\":{\"@type\":\"EntryPoint\",\"urlTemplate\":\"http:\/\/selfago.org\/en\/?s={search_term_string}\"},\"query-input\":{\"@type\":\"PropertyValueSpecification\",\"valueRequired\":true,\"valueName\":\"search_term_string\"}}],\"inLanguage\":\"en-US\"},{\"@type\":\"Organization\",\"@id\":\"http:\/\/selfago.org\/en\/#organization\",\"name\":\"SELFAGO\",\"url\":\"http:\/\/selfago.org\/en\/\",\"logo\":{\"@type\":\"ImageObject\",\"inLanguage\":\"en-US\",\"@id\":\"http:\/\/selfago.org\/en\/#\/schema\/logo\/image\/\",\"url\":\"http:\/\/selfago.org\/wp-content\/uploads\/2025\/12\/cropped-Logo-Transparent-02-scaled-e1764783827390.png\",\"contentUrl\":\"http:\/\/selfago.org\/wp-content\/uploads\/2025\/12\/cropped-Logo-Transparent-02-scaled-e1764783827390.png\",\"width\":862,\"height\":865,\"caption\":\"SELFAGO\"},\"image\":{\"@id\":\"http:\/\/selfago.org\/en\/#\/schema\/logo\/image\/\"}}]}<\/script>\n<!-- \/ Yoast SEO plugin. -->","yoast_head_json":{"title":"Objectives - Europ\u00e4ische Gesellschaft Deutsch-Franz\u00f6sischer Sprache f\u00fcr Gyn\u00e4kologie und Geburtshilfe","robots":{"index":"index","follow":"follow","max-snippet":"max-snippet:-1","max-image-preview":"max-image-preview:large","max-video-preview":"max-video-preview:-1"},"canonical":"http:\/\/selfago.org\/en\/objectives\/","og_locale":"en_US","og_type":"article","og_title":"Objectives - Europ\u00e4ische Gesellschaft Deutsch-Franz\u00f6sischer Sprache f\u00fcr Gyn\u00e4kologie und Geburtshilfe","og_description":"Objectives Professional exchange and promotion of young talent Together for Gynecology and Obstetrics The objective of our society, initially as a German-French, later as a European Society of German-French Language for Gynecology and Obstetrics, has always been to enable an approximation of the professional societies for gynecology and obstetrics in the individual countries, in order [&hellip;]","og_url":"http:\/\/selfago.org\/en\/objectives\/","og_site_name":"Europ\u00e4ische Gesellschaft Deutsch-Franz\u00f6sischer Sprache f\u00fcr Gyn\u00e4kologie und Geburtshilfe","article_modified_time":"2025-12-03T15:54:26+00:00","og_image":[{"url":"https:\/\/selfago.org\/wp-content\/uploads\/2025\/12\/Logo_SELFAGO_Bottom_256-150x150.png","type":"","width":"","height":""}],"twitter_card":"summary_large_image","twitter_misc":{"Est. reading time":"2 minutes"},"schema":{"@context":"https:\/\/schema.org","@graph":[{"@type":"WebPage","@id":"http:\/\/selfago.org\/en\/objectives\/","url":"http:\/\/selfago.org\/en\/objectives\/","name":"Objectives - Europ\u00e4ische Gesellschaft Deutsch-Franz\u00f6sischer Sprache f\u00fcr Gyn\u00e4kologie und Geburtshilfe","isPartOf":{"@id":"http:\/\/selfago.org\/en\/#website"},"primaryImageOfPage":{"@id":"http:\/\/selfago.org\/en\/objectives\/#primaryimage"},"image":{"@id":"http:\/\/selfago.org\/en\/objectives\/#primaryimage"},"thumbnailUrl":"https:\/\/selfago.org\/wp-content\/uploads\/2025\/12\/Logo_SELFAGO_Bottom_256-150x150.png","datePublished":"2025-02-27T19:00:20+00:00","dateModified":"2025-12-03T15:54:26+00:00","breadcrumb":{"@id":"http:\/\/selfago.org\/en\/objectives\/#breadcrumb"},"inLanguage":"en-US","potentialAction":[{"@type":"ReadAction","target":["http:\/\/selfago.org\/en\/objectives\/"]}]},{"@type":"ImageObject","inLanguage":"en-US","@id":"http:\/\/selfago.org\/en\/objectives\/#primaryimage","url":"https:\/\/selfago.org\/wp-content\/uploads\/2025\/12\/Logo_SELFAGO_Bottom_256-150x150.png","contentUrl":"https:\/\/selfago.org\/wp-content\/uploads\/2025\/12\/Logo_SELFAGO_Bottom_256-150x150.png"},{"@type":"BreadcrumbList","@id":"http:\/\/selfago.org\/en\/objectives\/#breadcrumb","itemListElement":[{"@type":"ListItem","position":1,"name":"Startseite","item":"http:\/\/selfago.org\/en\/"},{"@type":"ListItem","position":2,"name":"Objectives"}]},{"@type":"WebSite","@id":"http:\/\/selfago.org\/en\/#website","url":"http:\/\/selfago.org\/en\/","name":"Europ\u00e4ische Gesellschaft Deutsch-Franz\u00f6sischer Sprache f\u00fcr Gyn\u00e4kologie und Geburtshilfe","description":"Die SELFAGO f\u00f6rdert den wissenschaftlichen Austausch und die Zusammenarbeit in Gyn\u00e4kologie und Geburtshilfe im deutsch-franz\u00f6sischen Raum und dar\u00fcber hinaus. Durch Netzwerke, Kongresse und Forschungsprojekte gestalten wir den internationalen Dialog aktiv mit.","publisher":{"@id":"http:\/\/selfago.org\/en\/#organization"},"potentialAction":[{"@type":"SearchAction","target":{"@type":"EntryPoint","urlTemplate":"http:\/\/selfago.org\/en\/?s={search_term_string}"},"query-input":{"@type":"PropertyValueSpecification","valueRequired":true,"valueName":"search_term_string"}}],"inLanguage":"en-US"},{"@type":"Organization","@id":"http:\/\/selfago.org\/en\/#organization","name":"SELFAGO","url":"http:\/\/selfago.org\/en\/","logo":{"@type":"ImageObject","inLanguage":"en-US","@id":"http:\/\/selfago.org\/en\/#\/schema\/logo\/image\/","url":"http:\/\/selfago.org\/wp-content\/uploads\/2025\/12\/cropped-Logo-Transparent-02-scaled-e1764783827390.png","contentUrl":"http:\/\/selfago.org\/wp-content\/uploads\/2025\/12\/cropped-Logo-Transparent-02-scaled-e1764783827390.png","width":862,"height":865,"caption":"SELFAGO"},"image":{"@id":"http:\/\/selfago.org\/en\/#\/schema\/logo\/image\/"}}]}},"rttpg_featured_image_url":null,"rttpg_author":{"display_name":"selfago","author_link":"http:\/\/selfago.org\/en\/author\/selfago\/"},"rttpg_comment":0,"rttpg_category":false,"rttpg_excerpt":"Objectives Professional exchange and promotion of young talent Together for Gynecology and Obstetrics The objective of our society, initially as a German-French, later as a European Society of German-French Language for Gynecology and Obstetrics, has always been to enable an approximation of the professional societies for gynecology and obstetrics in the individual countries, in order&hellip;","_links":{"self":[{"href":"http:\/\/selfago.org\/en\/wp-json\/wp\/v2\/pages\/3709","targetHints":{"allow":["GET"]}}],"collection":[{"href":"http:\/\/selfago.org\/en\/wp-json\/wp\/v2\/pages"}],"about":[{"href":"http:\/\/selfago.org\/en\/wp-json\/wp\/v2\/types\/page"}],"author":[{"embeddable":true,"href":"http:\/\/selfago.org\/en\/wp-json\/wp\/v2\/users\/1"}],"replies":[{"embeddable":true,"href":"http:\/\/selfago.org\/en\/wp-json\/wp\/v2\/comments?post=3709"}],"version-history":[{"count":1,"href":"http:\/\/selfago.org\/en\/wp-json\/wp\/v2\/pages\/3709\/revisions"}],"predecessor-version":[{"id":3711,"href":"http:\/\/selfago.org\/en\/wp-json\/wp\/v2\/pages\/3709\/revisions\/3711"}],"wp:attachment":[{"href":"http:\/\/selfago.org\/en\/wp-json\/wp\/v2\/media?parent=3709"}],"curies":[{"name":"wp","href":"https:\/\/api.w.org\/{rel}","templated":true}]}}